{"id":12,"date":"2007-01-25T09:47:29","date_gmt":"2007-01-25T15:47:29","guid":{"rendered":"http:\/\/www.radix.com.mx\/?page_id=12"},"modified":"2021-08-30T17:27:00","modified_gmt":"2021-08-30T23:27:00","slug":"descargas-ram","status":"publish","type":"page","link":"http:\/\/www.radix.com.mx\/?page_id=12","title":{"rendered":"Descargas RAM v3"},"content":{"rendered":"<h3><span class=\"Apple-style-span\" style=\"font-size: 13px; font-weight: normal;\" data-mce-mark=\"1\"><a href=\"http:\/\/www.radix.com.mx\/archivos\/ram\/Manual%20RAM%203.pdf\">Manual de operaci\u00f3n<\/a><\/span><span class=\"Apple-style-span\" style=\"font-size: 13px; font-weight: normal;\" data-mce-mark=\"1\">\u00a0<\/span><\/h3>\n<hr \/>\n<p style=\"text-align: center;\"><strong>Historial de cambios<\/strong><\/p>\n<div>\n<div>\n<div>\n<div><\/div>\n<div>\n<div>\n<div>\n<div>\n<div>\n<div>\n<div>\n<div>\n<div>\n<div>\n<div>\n<div>\n<div>\n<div>\n<div>\n<div>\n<div>\n<div><strong>3.14.36 <\/strong>(2021-06-21)\u00a0 <a href=\"https:\/\/www.radix.com.mx\/archivos\/ram\/ram3\/ram_3_14_36.exe\">Descargar<\/a><\/div>\n<\/div>\n<\/div>\n<div>\n<ul>\n<li style=\"font-weight: 400;\"><span style=\"font-weight: 400;\">Mejoras al sistema de licencias.<\/span><\/li>\n<\/ul>\n<\/div>\n<\/div>\n<div><strong>3.14.35 <\/strong>(2020-01-21)<\/div>\n<\/div>\n<\/div>\n<div>\n<ul>\n<li style=\"font-weight: 400;\"><span style=\"font-weight: 400;\">Al automatizar una programaci\u00f3n si el archivo ya existe primero lo borra y despu\u00e9s genera el archivo nuevo.<\/span><\/li>\n<\/ul>\n<\/div>\n<p><strong>3.14.34 <\/strong>(2020-01-10)<\/p>\n<\/div>\n<\/div>\n<\/div>\n<div>\n<ul>\n<li style=\"font-weight: 400;\"><span style=\"font-weight: 400;\">Corrige error que aparec\u00eda al insertar un audio de Station al editar una programaci\u00f3n.<\/span><\/li>\n<li style=\"font-weight: 400;\"><span style=\"font-weight: 400;\">Actualiza MySQL a 5.7.28<\/span><\/li>\n<\/ul>\n<\/div>\n<\/div>\n<\/div>\n<p><strong>3.14.33 <\/strong>(2019-10-15)<\/p>\n<\/div>\n<div>\n<ul>\n<li style=\"font-weight: 400;\"><span style=\"font-weight: 400;\">Corrige error: No se mostraba la hora 23 en la historia de la canci\u00f3n.<\/span><\/li>\n<\/ul>\n<\/div>\n<\/div>\n<div><\/div>\n<\/div>\n<div><strong>3.14.32 <\/strong>(2019-09-18)<\/div>\n<\/div>\n<div>\n<ul>\n<li style=\"font-weight: 400;\"><span style=\"font-weight: 400;\">Quita dependencia con base de datos de Station.<\/span><\/li>\n<\/ul>\n<\/div>\n<\/div>\n<div><\/div>\n<div><strong>3.14.31 <\/strong>(2019-08-20)<\/div>\n<\/div>\n<div>\n<ul>\n<li style=\"font-weight: 400;\"><span style=\"font-weight: 400;\">En la automatizaci\u00f3n se configura si usa Station o no para tomar en cuenta los comandos @ y quitarles o no el GUID<\/span><\/li>\n<li style=\"font-weight: 400;\"><span style=\"font-weight: 400;\">Permite mostrar las categor\u00edas a las que pertenece la canci\u00f3n al editar una programaci\u00f3n.<\/span><\/li>\n<\/ul>\n<\/div>\n<\/div>\n<div><\/div>\n<div>\n<div>\n<div>\n<div><strong>3.13.29\u00a0<\/strong>(28\/05\/2018)<\/div>\n<\/div>\n<\/div>\n<div>\n<ul>\n<li><span style=\"font-weight: 400;\">Cambio a <\/span><span style=\"font-weight: 400;\">\u00a0ZEOS 7.1.4 por memory leak<\/span><\/li>\n<\/ul>\n<\/div>\n<\/div>\n<div><strong>3.13.28\u00a0<\/strong>(02\/05\/2018)<\/div>\n<\/div>\n<div>\n<ul>\n<li><span style=\"font-weight: 400;\">Actualizaci\u00f3n a <\/span><span style=\"font-weight: 400;\">\u00a0MySQL 5.7.22 y ZEOS 7.2.4<\/span><\/li>\n<\/ul>\n<\/div>\n<\/div>\n<div><strong>3.12.27\u00a0<\/strong>(28\/09\/2017)\u00a0<a href=\"http:\/\/www.radix.com.mx\/archivos\/ram\/ram3\/ram_3_12_27.exe\">Descargar<\/a><\/div>\n<\/div>\n<div>\n<ul>\n<li>Muestra un d\u00eda m\u00e1s en la historia al hacer programaci\u00f3n manual para poder ver el mismo d\u00eda de la semana anterior.<\/li>\n<li>Al comparar los int\u00e9rpretes para obtener la historia de una canci\u00f3n elimina los espacios que pudieran existir al final de el nombre.<\/li>\n<li><span style=\"font-weight: 400;\">Corrige error al editar o a\u00f1adir estaciones intentaba guardar el TimeStamp en la conexi\u00f3n equivocada.<\/span><\/li>\n<\/ul>\n<\/div>\n<div>\n<div>\n<div>\n<div>\n<div>\n<div>\n<div>\n<div>\n<div style=\"text-align: left;\">\n<div><strong>3.12.26\u00a0<\/strong>(21\/08\/2017)<\/div>\n<ul>\n<li>Utiliza la tarjeta de sonido que est\u00e9 seleccionada como predeterminada en Windows para reproducir los audios.<\/li>\n<\/ul>\n<div>\n<div>\n<p><strong>3.12.25\u00a0<\/strong>(09\/08\/2017)<\/p>\n<\/div>\n<\/div>\n<\/div>\n<div>\n<div>\n<div>\n<ul>\n<li>Se a\u00f1adieron los comandos &lt;LIGAR&gt; &lt;\/LIGAR&gt; a la pantalla donde se modifican las f\u00f3rmulas.<\/li>\n<\/ul>\n<\/div>\n<p><strong>3.12.24\u00a0<\/strong>(27\/02\/2017)<\/p>\n<\/div>\n<div>\n<ul>\n<li>Mejoras en la pantalla inicial.<\/li>\n<\/ul>\n<\/div>\n<\/div>\n<div><strong>3.12.23\u00a0<\/strong>(05\/01\/2016)<\/div>\n<div>\n<ul>\n<li>El respaldo autom\u00e1tico se puede configurar para cada estaci\u00f3n.<\/li>\n<li>Al\u00a0editar una programaci\u00f3n si se cambia o a\u00f1ade una canci\u00f3n se muestra el int\u00e9rprete 2.<\/li>\n<\/ul>\n<\/div>\n<\/div>\n<div><strong>3.11.22\u00a0<\/strong>(08\/12\/2016)<\/div>\n<div>\n<ul>\n<li>Corrige error que ocasiona que aparecieran en desorden los elementos al editar una programaci\u00f3n manualmente.<\/li>\n<\/ul>\n<\/div>\n<\/div>\n<div><strong>3.11.21\u00a0<\/strong>(04\/11\/2016)<\/div>\n<div>\n<ul>\n<li>A\u00f1ade los comandos @SINCRONIZARHORA y\u00a0@CORTESPORTIEMPO a la lista de comandos disponibles para a\u00f1adir a las f\u00f3rmulas.<\/li>\n<\/ul>\n<\/div>\n<\/div>\n<div><strong>3.10.20\u00a0<\/strong>(14\/09\/2016)<\/div>\n<div>\n<ul>\n<li>Mejoras en la generaci\u00f3n de gu\u00edas de automatizaci\u00f3n.<\/li>\n<\/ul>\n<\/div>\n<p><strong>3.10.19\u00a0<\/strong>(25\/08\/2016)<\/p>\n<\/div>\n<div>\n<ul>\n<li>Correcci\u00f3n de error que aparec\u00eda al editar una regla de programaci\u00f3n.<\/li>\n<\/ul>\n<\/div>\n<p><strong>3.9.18\u00a0<\/strong>(24\/08\/2016)<\/p>\n<\/div>\n<div>\n<ul>\n<li>La\u00a0ventana para la edici\u00f3n de f\u00f3rmulas se puede cambiar de tama\u00f1o.<\/li>\n<\/ul>\n<\/div>\n<p><strong>3.9.17\u00a0<\/strong>(12\/01\/2016)<\/p>\n<\/div>\n<div>\n<ul>\n<li>Corrige error que aparec\u00eda al a\u00f1adir eventos que no tienen duraci\u00f3n a una f\u00f3rmula.<\/li>\n<\/ul>\n<\/div>\n<p><strong>3.9.16\u00a0<\/strong>(06\/01\/2016)<\/p>\n<\/div>\n<div>\n<ul>\n<li>Corrige error que no mandaba los audios a la m\u00e1quina de respaldo.<\/li>\n<\/ul>\n<\/div>\n<\/div>\n<div>\n<div><strong>3.9.15\u00a0<\/strong>(15\/12\/2015)<\/div>\n<div>\n<ul>\n<li>Corrige error que no mostraba la historia de una canci\u00f3n el desplegar sus detalles.<\/li>\n<\/ul>\n<\/div>\n<\/div>\n<div>\n<div><strong>3.9.14\u00a0<\/strong>(10\/12\/2015)<\/div>\n<div>\n<ul>\n<li>Mejora la regla de separaci\u00f3n de int\u00e9rprete ayer.<\/li>\n<li>Permite a\u00f1adir el t\u00edtulo, el int\u00e9rprete y la duraci\u00f3n en la automatizaci\u00f3n (tokens).<\/li>\n<li>Permite especificar el formato de las hora para la duraci\u00f3n acumulada.<\/li>\n<\/ul>\n<\/div>\n<\/div>\n<div>\n<div>\n<div>\n<div>\n<div>\n<div>\n<div><strong>3.9.13\u00a0<\/strong>(02\/12\/2015)<\/div>\n<div>\n<ul>\n<li>Si el cat\u00e1logo de canciones est\u00e1 ordenado por interprete y se edita una canci\u00f3n al terminar la edici\u00f3n regresa a la canci\u00f3n editada en lugar de ir al inicio de la lista.<\/li>\n<\/ul>\n<\/div>\n<\/div>\n<\/div>\n<div><strong>3.9.12\u00a0<\/strong>(06\/11\/2015)<\/div>\n<div>\n<ul>\n<li>A\u00f1ade una columna donde se muestra la duraci\u00f3n acumulada al hacer formulas y al editar programaciones.<\/li>\n<\/ul>\n<\/div>\n<\/div>\n<div><strong>3.9.11\u00a0<\/strong>(04\/09\/2015)<\/div>\n<div>\n<ul>\n<li>Corrige error que al programar por algo que no fuera la categor\u00eda no tomaba en cuenta la separaci\u00f3n.<\/li>\n<li>Corrige error que no programaba por nombre de interprete.<\/li>\n<\/ul>\n<\/div>\n<\/div>\n<div>\n<div><strong>3.9.10\u00a0<\/strong>(03\/08\/2015)<\/div>\n<div>\n<ul>\n<li>Permite seleccionar un periodo al realizar un reporte de tocadas.<\/li>\n<\/ul>\n<\/div>\n<\/div>\n<div>\n<div>\n<div>\n<div>\n<div>\n<div><strong>3.9.9\u00a0<\/strong>(13\/07\/2015)<\/div>\n<div>\n<ul>\n<li>Corrige error al hacer formulas con eventos combinados.<\/li>\n<li>Corrige al cambiar eventos no programados al editar una\u00a0programaci\u00f3n.<\/li>\n<\/ul>\n<\/div>\n<\/div>\n<div><strong>3.8.8\u00a0<\/strong>(26\/febrero\/2015)<\/div>\n<div>\n<ul>\n<li>Habilita la opci\u00f3n de vigencia en la pantalla de manejo de canciones.<\/li>\n<\/ul>\n<\/div>\n<p><strong>3.8.7\u00a0<\/strong>(20\/febrero\/2015)<\/p>\n<\/div>\n<div>\n<ul>\n<li>Corrige error en el manejo de interpretes.<\/li>\n<\/ul>\n<\/div>\n<\/div>\n<p><strong>3.7.6\u00a0<\/strong>(18\/febrero\/2015)<\/p>\n<\/div>\n<div>\n<ul>\n<li>Permite a\u00f1adir la duraci\u00f3n acumulada a la gu\u00eda de transmisi\u00f3n automatizada.<\/li>\n<\/ul>\n<\/div>\n<\/div>\n<div><strong>3.6.6\u00a0<\/strong>(11\/febrero\/2015)<\/div>\n<div>\n<ul>\n<li>Cambio al automatizar; Si se utiliza una clave m\u00faltiple se automatiza tal cual fue ingresada, sin modificar tokens y sin a\u00f1adir un GUID.<\/li>\n<\/ul>\n<\/div>\n<\/div>\n<div><strong>3.6.5\u00a0<\/strong>(25\/marzo\/2014)<\/div>\n<div>\n<ul>\n<li>Corregido: No mostraba el cat\u00e1logo completo de audios al elegir la opci\u00f3n insertar canci\u00f3n si antes se hacia un cambio de canci\u00f3n.<\/li>\n<li>Corregido: Al cambiar una canci\u00f3n no correspond\u00eda el audio si oprimes en escuchar.<\/li>\n<li><span style=\"line-height: 1.5em;\">Ya no calcula la historia de las vestiduras, para agilizar la edici\u00f3n manual y el cambio de canciones.<\/span><\/li>\n<\/ul>\n<\/div>\n<p><strong>3.6.4\u00a0<\/strong>(21\/febrero\/2014)\u00a0<a href=\"http:\/\/www.radix.com.mx\/archivos\/ram\/ram_3_6_4.exe\"><br \/>\n<\/a><\/p>\n<\/div>\n<div>\n<ul>\n<li>Optimizaci\u00f3n al entrar a la secci\u00f3n de programaci\u00f3n.<\/li>\n<li>Optimizaci\u00f3n al editar una programaci\u00f3n.<\/li>\n<li>Mejoras en el sistema de respaldos.<\/li>\n<\/ul>\n<\/div>\n<div><strong>3.6.3\u00a0<\/strong>(09\/noviembre\/2013)<\/div>\n<div>\n<ul>\n<li>Corrige error: No se guardaba la ruta para exportar archivos 7zip a Station.<\/li>\n<\/ul>\n<\/div>\n<div><strong>3.6.2\u00a0<\/strong>(11\/diciembre\/2012)<\/div>\n<div>\n<ul>\n<li>Mejoras en el sistema de bloqueo para que dos usuarios no editen la misma programaci\u00f3n al mismo tiempo.<\/li>\n<\/ul>\n<\/div>\n<p><strong style=\"line-height: 1.5em;\">3.6.1\u00a0<\/strong><span style=\"line-height: 1.5em;\">(22\/octubre\/2012)\u00a0<\/span><\/p>\n<div>\n<div>\n<div>\n<div>\n<div>\n<ul>\n<li>Corrige error que no\u00a0permit\u00eda\u00a0guardar la configuraci\u00f3n de la integraci\u00f3n con Station en instalaciones nuevas.<\/li>\n<\/ul>\n<\/div>\n<p><strong>3.6.0\u00a0<\/strong>(18\/octubre\/2012)<\/p>\n<\/div>\n<div>\n<ul>\n<li>Mejoras al correr el sistema desde un servidor central.<\/li>\n<\/ul>\n<\/div>\n<\/div>\n<div><strong>3.5.2\u00a0<\/strong>(25\/noviembre\/2011)<\/div>\n<div>\n<ul>\n<li>Mejoras en el sistema de respaldos.<\/li>\n<\/ul>\n<\/div>\n<p><strong>3.5.1\u00a0<\/strong>(16\/noviembre\/2011)<\/p>\n<\/div>\n<div>\n<ul>\n<li>Sugiere la siguiente clave a\u00a0utilizar\u00a0al agregar una nueva canci\u00f3n.<\/li>\n<\/ul>\n<\/div>\n<p><strong>3.5.0\u00a0<\/strong>(3\/mayo\/2011)<\/p>\n<\/div>\n<div>\n<ul>\n<li>Cambio a MySQL 5.5<\/li>\n<\/ul>\n<\/div>\n<p><strong>3.4.12 <\/strong>(13\/abril\/2011)<\/p>\n<ul>\n<li><span style=\"font-family: Verdana; white-space: pre-wrap; line-height: normal;\" data-mce-mark=\"1\">Genera respaldos comprimidos.<\/span><\/li>\n<li><span style=\"font-family: Verdana;\" data-mce-mark=\"1\"><span style=\"line-height: normal; white-space: pre-wrap;\" data-mce-mark=\"1\">Refresca el cat\u00e1logo de interpretes despu\u00e9s de editar una canci\u00f3n.<\/span><\/span><\/li>\n<li style=\"line-height: normal;\"><span style=\"font-family: Verdana; white-space: pre-wrap;\" data-mce-mark=\"1\">Agrega el archivo mp3gain.exe al instalador.<\/span><\/li>\n<\/ul>\n<div><strong>3.4.11 <\/strong>(13\/diciembre\/2010)<\/div>\n<ul>\n<li>Permite a\u00f1adir un n\u00famero de identificaci\u00f3n \u00fanico (GUID) al generar la gu\u00eda para poder comparar la programaci\u00f3n con la transmisi\u00f3n real de cabina.<\/li>\n<li>Permiso en usuarios para modificar la opci\u00f3n de normalizar los audios.<\/li>\n<li>Si al dar de alta un audio est\u00e1 seleccionada la opci\u00f3n de normalizar y por alguna raz\u00f3n no se puede normalizar el audio se cancela la entrada de los datos.<\/li>\n<li>Permite verificar la transmisi\u00f3n real de Station v12.<\/li>\n<li>Permite a\u00f1adir fechas\/horas de vigencia a los audios.<\/li>\n<li>Corrige error que cambiaba el orden de los eventos al duplicar una formula.<\/li>\n<li>Corrige error al cambiar el tama\u00f1o de las columnas al hacer f\u00f3rmulas.<\/li>\n<li>Corrige error al restaurar respaldos.<\/li>\n<\/ul>\n<div><strong>3.4.10 <\/strong>(30\/julio\/2010)<\/div>\n<ul>\n<li><span style=\"font-family: Verdana; line-height: normal;\" data-mce-mark=\"1\">Corrige error que tomaba en cuenta las vestiduras, como si fueran canciones, al separar por ritmo y g\u00e9nero.<\/span><\/li>\n<\/ul>\n<div><strong>3.4.9 <\/strong>(23\/julio\/2010)<\/div>\n<ul>\n<li>Permite configurar el n\u00famero de d\u00edas que se guardan las programaciones viejas antes de que se borren autom\u00e1ticamente.<\/li>\n<li>Incluye el campo Autor en la impresi\u00f3n de la gu\u00eda musical.<\/li>\n<li>Permite configurar si se normalizan las canciones o no.<\/li>\n<\/ul>\n<div><strong>3.4.8 <\/strong>(20\/noviembre\/2009)<\/div>\n<ul>\n<li>Normaliza los audios al darlos de alta.<\/li>\n<\/ul>\n<div><strong>3.4.7 <\/strong>(11\/noviembre\/2009)<\/div>\n<ul>\n<li>Refresca la lista de formulas despu\u00e9s de duplicar alguna.<\/li>\n<li>Muestra las categor\u00edas de vestiduras en el reporte general de categor\u00edas.<\/li>\n<li>Al editar manualmente la programaci\u00f3n permite activar o no la b\u00fasqueda de la historia de las canciones.<\/li>\n<li>Pregunta confirmaci\u00f3n al mover canciones de categor\u00eda.<\/li>\n<li>Corrige error al arrastrar y soltar en la edici\u00f3n manual de la programaci\u00f3n.<\/li>\n<\/ul>\n<div><strong>3.4.6 <\/strong>(9\/Junio\/2009)<\/div>\n<ul>\n<li>Corrige error que salia al programar utilizando una formula que inclu\u00eda el a\u00f1o.<\/li>\n<li>Corrige el orden del tabulador al a\u00f1adir y editar canciones.<\/li>\n<\/ul>\n<div><strong>3.4.5 <\/strong>(27\/Mayo\/2009)<strong><br \/>\n<\/strong><\/div>\n<ul>\n<li>Corrige error al copiar la asignaci\u00f3n de formulas de un d\u00eda a otro.<\/li>\n<li>Permite enviar a un archivo comprimido compatible con AutoEntradas de Station.<\/li>\n<li>Permite agrega la columna clave en la pantalla de cambiar canciones.<\/li>\n<\/ul>\n<div><strong>3.4.4<\/strong> (21\/Mayo\/2009)<strong><br \/>\n<\/strong><\/div>\n<ul>\n<li>Despliega el segundo interprete al imprimir la programaci\u00f3n y en los reportes.<\/li>\n<li>Despliega la categor\u00eda en el reporte de tocadas por canci\u00f3n.<\/li>\n<li>Mejora en la importaci\u00f3n de datos de Station 10, 11 y 12.<\/li>\n<li>Permite desplegar las fechas de entrada y de cambio de categor\u00eda.<\/li>\n<li>Corrige error que preguntaba si quer\u00edan borrar el audio de una estaci\u00f3n.<\/li>\n<\/ul>\n<div><strong>3.4.3<\/strong> (11\/Mayo\/2009)<strong><br \/>\n<\/strong><\/div>\n<ul>\n<li>Al desplegar la pantalla para cambiar una canci\u00f3n en la programaci\u00f3n manual muestra la lista con las canciones que son del mismo tipo que la que se est\u00e1 cambiando y las despliega en orden de antig\u00fcedad de programaci\u00f3n.<\/li>\n<li>Los textos pueden tener una duraci\u00f3n que se suma en las formulas para determinar mejor la duraci\u00f3n total de una formula.<\/li>\n<li>En el listado de formulas despliega el nombre de la regla asignada a la formula.<\/li>\n<li>Despu\u00e9s de editar una canci\u00f3n regresa a la misma posici\u00f3n en la lista de canciones.<\/li>\n<li>Permite automatizar las guias a dos computadoras.<\/li>\n<li>Al asignar los audios de Station 12 muestra el progreso.<\/li>\n<li>Permite copiar la asignaci\u00f3n de formulas entre d\u00edas de la semana.<\/li>\n<li>Al entrar en asignaci\u00f3n refresca la lista de formulas.<\/li>\n<li>Permite editar una formula directamente desde la pantalla de asignaci\u00f3n haciendo doble click en el nombre de la f\u00f3rmula.<\/li>\n<\/ul>\n<div><strong>3.4.2<\/strong><\/div>\n<ul>\n<li>Corrige error que aparec\u00eda al querer enviar una clave que no tenia audio asignado.<\/li>\n<li>Permite agregar claves m\u00faltiples asociadas a una misma clave principal.<\/li>\n<\/ul>\n<div><strong>3.4.1<\/strong><\/div>\n<ul>\n<li>Refresca la pantalla de canciones para que muestre los cambios realizados desde la pantalla de categor\u00edas.<\/li>\n<li>Corrige error que borraba la configuraci\u00f3n de la integraci\u00f3n con Station al realizar respaldos.<\/li>\n<\/ul>\n<div><strong>3.4.0<\/strong><\/div>\n<ul>\n<li>Permite elegir una estaci\u00f3n de respaldo para mandar audios, as\u00ed como el nombre de la base de datos, la carpeta y el puerto a donde se enviar\u00e1n.<\/li>\n<li>importador de datos de SAP.<\/li>\n<\/ul>\n<div><strong>3.3.0<\/strong><\/div>\n<ul>\n<li>Permite imprimir las formulas de programaci\u00f3n.<\/li>\n<li>Permite imprimir la asignaci\u00f3n de las formulas.<\/li>\n<li>Corrige error al programar utilizando el &#8220;Ranking&#8221; en las formulas.<\/li>\n<\/ul>\n<div><strong>3.2.3<\/strong><\/div>\n<ul>\n<li>No muestra categor\u00edas repetidas en la pantalla de programaci\u00f3n.<\/li>\n<\/ul>\n<div><strong>3.2.2<\/strong><\/div>\n<ul>\n<li>No muestra los comerciales en la lista de categor\u00edas cuando est\u00e1 integrado a Station.<\/li>\n<\/ul>\n<div><strong>3.2.1<\/strong><\/div>\n<ul>\n<li>Nuevos reportes:\n<ul>\n<li>Listado de formulas, muestra la lista de las formulas con los eventos que contienen.<\/li>\n<li>Asignaci\u00f3n de formula, muestra que formulas est\u00e1n asignadas a cada d\u00eda de la semana.<\/li>\n<\/ul>\n<\/li>\n<li>Limita el n\u00famero de horas en la separaci\u00f3n del d\u00eda anterior del interprete y la canci\u00f3n.<\/li>\n<\/ul>\n<div><strong>3.2.0<\/strong><\/div>\n<ul>\n<li>Prepara la compatibilidad con Station 12.5.<\/li>\n<li>Corrige problema con los caracteres acentuados al restaurar de versiones anteriores.<\/li>\n<li>Al cambiar el nombre de un interprete lo cambia en todas las canciones asociadas a el.<\/li>\n<li>Permite desplegar la prioridad en la lista de categorias (configurable).<\/li>\n<li>Nueva funci\u00f3n para intercambiar dos canciones al estar editando manualmente la programaci\u00f3n.<\/li>\n<\/ul>\n<div><strong>3.1.8<\/strong><\/div>\n<ul>\n<li>Acelera la edici\u00f3n manual de la gu\u00eda al insertar canciones.<\/li>\n<\/ul>\n<div><strong>3.1.7<\/strong><\/div>\n<ul>\n<li>Almacena respaldos de los \u00faltimos 15 d\u00edas autom\u00e1ticamente.<\/li>\n<\/ul>\n<div><strong>3.1.6<\/strong><\/div>\n<ul>\n<li>Corrige error al editar una canci\u00f3n desde la pantalla de categor\u00edas.<\/li>\n<\/ul>\n<div><strong>3.1.5<\/strong><\/div>\n<ul>\n<li>Permite seleccionar varias canciones para enviar y\/o borrar.<\/li>\n<li>Al enviar a Station agrega el nombre del Interprete 2 si existe.<\/li>\n<\/ul>\n<div><strong>3.1.4<\/strong><\/div>\n<ul>\n<li>Corrige error al editar la programaci\u00f3n: Al cambiar el orden de las canciones no cambiaba el ritmo ni el genero.<\/li>\n<\/ul>\n<div><strong>3.1.3<\/strong><\/div>\n<ul>\n<li>Permite configurar la automatizaci\u00f3n del comando @COMERCIALES.<br \/>\n<span style=\"color: red;\" data-mce-mark=\"1\">IMPORTANTE:<\/span> Al instalar esta actualizaci\u00f3n es necesario configurar el comando en el men\u00fa Configurar \/ Automatizaci\u00f3n.<\/li>\n<\/ul>\n<div><strong>3.1.2<\/strong><\/div>\n<ul>\n<li>Permite desplegar el ritmo y\/o el g\u00e9nero al editar una programaci\u00f3n.<\/li>\n<\/ul>\n<div><strong>3.1.1<\/strong><\/div>\n<ul>\n<li>Activa la b\u00fasqueda en la lista de canciones.<\/li>\n<\/ul>\n<div><strong>3.1.0<\/strong><\/div>\n<ul>\n<li>Permite personalizar las columnas que se muestran en el listado de canciones.<\/li>\n<li>Permite imprimir los datos que se est\u00e1n mostrando en la pantalla.<\/li>\n<li>Permite exportar los datos que se est\u00e1n mostrando en la pantalla.<\/li>\n<li>Permite duplicar una formula (con un nuevo nombre).<\/li>\n<li>Permite editar los datos de las canciones desde cualquier lugar.<\/li>\n<\/ul>\n<div><strong>3.0.8<\/strong><\/div>\n<ul>\n<li>Mejoras en la integraci\u00f3n con Station.<\/li>\n<\/ul>\n<div><strong>3.0.7<\/strong><\/div>\n<ul>\n<li>Nueva funci\u00f3n que permite borrar autom\u00e1ticamente las programaciones viejas.<\/li>\n<\/ul>\n<div><strong>3.0.6<\/strong><\/div>\n<ul>\n<li>Corrige error en el CD Ripper.<\/li>\n<\/ul>\n<div><strong>3.0.5<\/strong><\/div>\n<ul>\n<li>Permite definir la duraci\u00f3n promedio de los cortes comerciales y toma en cuenta esta duraci\u00f3n al hacer la suma de tiempos de cada hora.<\/li>\n<\/ul>\n<div><strong>3.0.4<\/strong><\/div>\n<ul>\n<li>Nueva funci\u00f3n para importar datos de Station 12.<\/li>\n<\/ul>\n<div><strong>3.0.3<\/strong><\/div>\n<ul>\n<li>Permite a\u00f1adir autom\u00e1ticamente presentaciones y\/o despedidas de las canciones al generar la gu\u00eda de automatizaci\u00f3n.<\/li>\n<li>Guarda la fecha de los cambios de categor\u00eda de cada canci\u00f3n y la muestra en el listado de canciones en categor\u00eda y en el reporte general de categor\u00edas.<\/li>\n<\/ul>\n<div><strong>3.0.2<\/strong><\/div>\n<ul>\n<li>Correcci\u00f3n de errores.<\/li>\n<\/ul>\n<div><strong>3.0.1<\/strong><\/div>\n<ul>\n<li>Categor\u00eda alterna en las canciones.<\/li>\n<li>Permite asignar un color a cada categor\u00eda para resaltar la programaci\u00f3n manual.<\/li>\n<\/ul>\n<div><strong>3.0.0<\/strong><\/div>\n<ul>\n<li>Nuevos campos al dar de alta la canci\u00f3n.<\/li>\n<li>Nuevos elementos para hacer la formula: Artista anterior.<\/li>\n<li>Al asignar formulas se puede repetir horas anteriores.<\/li>\n<li>En la historia de la canci\u00f3n se muestra tambi\u00e9n la historia del artista.<\/li>\n<li>Mejor integraci\u00f3n con Radix Station.<\/li>\n<\/ul>\n<div><strong>2.5.0<\/strong><\/div>\n<ul>\n<li>Cambio al servidor de base de datos MySQL 5.<\/li>\n<li>Corrige error: Se despliega la fecha correcta del \u00faltimo respaldo.<\/li>\n<\/ul>\n<div><strong>2.2.9<\/strong><\/div>\n<ul>\n<li>Genera un respaldo de los datos autom\u00e1ticamente cada vez que se entra a trabajar en una estaci\u00f3n; se guardan los \u00faltimos 15 d\u00edas respaldados.<\/li>\n<\/ul>\n<div><strong>2.2.8<\/strong><\/div>\n<ul>\n<li>Permite cambiar el nombre de la computadora a la que se mandan los audios, no tiene que ser el mismo nombre que las siglas.<\/li>\n<\/ul>\n<div><strong>2.2.7<\/strong><\/div>\n<ul>\n<li>Refresca el cat\u00e1logo de Station autom\u00e1ticamente al mandar un audio.<\/li>\n<li>Refresca la lista de formulas despues de duplicar alguna<\/li>\n<li>Muestra las categorias de vestiduras en el reporte general de categorias<\/li>\n<li>Al editar manualmente la programaci\u00f3n permite activar o no la busqueda de la historia de las canciones<\/li>\n<li>Pregunta confirmaci\u00f3n al mover canciones de categor\u00eda<\/li>\n<\/ul>\n","protected":false},"excerpt":{"rendered":"<p>Manual de operaci\u00f3n\u00a0 Historial de cambios 3.14.36 (2021-06-21)\u00a0 Descargar Mejoras al sistema de licencias. 3.14.35 (2020-01-21) Al automatizar una programaci\u00f3n si el archivo ya existe primero lo borra y despu\u00e9s genera el archivo nuevo. 3.14.34 (2020-01-10) Corrige error que aparec\u00eda al insertar un audio de Station al editar una programaci\u00f3n. Actualiza MySQL a 5.7.28 3.14.33\u2026 <span class=\"read-more\"><a href=\"http:\/\/www.radix.com.mx\/?page_id=12\">Read More &raquo;<\/a><\/span><\/p>\n","protected":false},"author":2,"featured_media":0,"parent":4,"menu_order":0,"comment_status":"closed","ping_status":"closed","template":"","meta":{"footnotes":""},"class_list":["post-12","page","type-page","status-publish","hentry"],"_links":{"self":[{"href":"http:\/\/www.radix.com.mx\/index.php?rest_route=\/wp\/v2\/pages\/12","targetHints":{"allow":["GET"]}}],"collection":[{"href":"http:\/\/www.radix.com.mx\/index.php?rest_route=\/wp\/v2\/pages"}],"about":[{"href":"http:\/\/www.radix.com.mx\/index.php?rest_route=\/wp\/v2\/types\/page"}],"author":[{"embeddable":true,"href":"http:\/\/www.radix.com.mx\/index.php?rest_route=\/wp\/v2\/users\/2"}],"replies":[{"embeddable":true,"href":"http:\/\/www.radix.com.mx\/index.php?rest_route=%2Fwp%2Fv2%2Fcomments&post=12"}],"version-history":[{"count":114,"href":"http:\/\/www.radix.com.mx\/index.php?rest_route=\/wp\/v2\/pages\/12\/revisions"}],"predecessor-version":[{"id":2052,"href":"http:\/\/www.radix.com.mx\/index.php?rest_route=\/wp\/v2\/pages\/12\/revisions\/2052"}],"up":[{"embeddable":true,"href":"http:\/\/www.radix.com.mx\/index.php?rest_route=\/wp\/v2\/pages\/4"}],"wp:attachment":[{"href":"http:\/\/www.radix.com.mx\/index.php?rest_route=%2Fwp%2Fv2%2Fmedia&parent=12"}],"curies":[{"name":"wp","href":"https:\/\/api.w.org\/{rel}","templated":true}]}}