{"id":1942,"date":"2021-06-29T15:53:54","date_gmt":"2021-06-29T21:53:54","guid":{"rendered":"https:\/\/www.radix.com.mx\/?page_id=1942"},"modified":"2024-04-30T13:10:12","modified_gmt":"2024-04-30T19:10:12","slug":"descargas-station-14","status":"publish","type":"page","link":"http:\/\/www.radix.com.mx\/?page_id=1942","title":{"rendered":"Descargas Station 14"},"content":{"rendered":"\n<p class=\"has-very-dark-gray-color has-very-light-gray-background-color has-text-color has-background\">No recomendamos hacer actualizaciones en fin de semana ni d\u00edas festivos.<br>Si por alguna raz\u00f3n es requisito indispensable por favor primero av\u00edsenos para estar preparados para cualquier eventualidad que pudiera surgir. <\/p>\n\n\n\n<h3 class=\"wp-block-heading has-text-align-center\"><strong>Historial de cambios<\/strong><\/h3>\n\n\n\n<hr class=\"wp-block-separator has-alpha-channel-opacity\"\/>\n\n\n\n<h4 class=\"wp-block-heading\">Station 14.1.30 (2024-04-30) <a href=\"https:\/\/www.radix.com.mx\/archivos\/station_14\/station_14_1_30.exe\">Descargar<\/a><\/h4>\n\n\n\n<ul class=\"wp-block-list\">\n<li>Corrige error al reproducir la hora tipo 1 cuando los archivos se grabaron por separado.<\/li>\n\n\n\n<li>CONTROL:\n<ul class=\"wp-block-list\">\n<li>Se usa framework para mostrar y editar estaciones.<\/li>\n\n\n\n<li>Se puede marcar una estaci\u00f3n como activa\/inactiva.<\/li>\n\n\n\n<li>Solamente se muestran estaciones activas al enviar, en pesta\u00f1a de cabinas, ver gu\u00edas, etc.<\/li>\n\n\n\n<li>Existe la opci\u00f3n (en configuraci\u00f3n) de enviar audios autom\u00e1ticamente a todas las estaciones activas.<br>Esta opci\u00f3n activa o desactiva por default una casilla en Forma de canci\u00f3n o Audio para que al dar aceptar se env\u00ede autom\u00e1ticamente a todas las estaciones activas.<\/li>\n\n\n\n<li>Las claves no pueden contener espacios.<\/li>\n\n\n\n<li>Permisos para dar de alta, editar y borrar canciones, comerciales y otros.<\/li>\n<\/ul>\n<\/li>\n<\/ul>\n\n\n\n<hr class=\"wp-block-separator has-alpha-channel-opacity\"\/>\n\n\n\n<h4 class=\"wp-block-heading\">Station 14.1.29 (2024-01-30) <a href=\"https:\/\/www.radix.com.mx\/archivos\/station_14\/station_14_1_29.exe\">Descargar<\/a><\/h4>\n\n\n\n<ul class=\"wp-block-list\">\n<li>Mejoras al intentar reparar la base de datos cuando se detecta que est\u00e1 da\u00f1ada.<\/li>\n\n\n\n<li>Permite mandar y recibir comandos utilizando los protocolos TCP y UDP para, por ejemplo, encadenar estaciones remotas a la principal.<\/li>\n\n\n\n<li>Validaciones al arrastrar sobre la lista de noticias.<\/li>\n<\/ul>\n\n\n\n<hr class=\"wp-block-separator has-alpha-channel-opacity\"\/>\n\n\n\n<h4 class=\"wp-block-heading\">Station 14.1.28 (2023-08-15) <a href=\"https:\/\/www.radix.com.mx\/archivos\/station_14\/station_14_1_28.exe\">Descargar<\/a><\/h4>\n\n\n\n<ul class=\"wp-block-list\">\n<li>Revisa los errores en la gu\u00eda comercial (claves no encontradas) solo al entrar al sistema o cuando se refresca el cat\u00e1logo.<\/li>\n\n\n\n<li>CONTROL:\n<ul class=\"wp-block-list\">\n<li>Al borrar claves en la forma de cabina se guarda en el reporte de control que el tipo de borrado es manual<\/li>\n\n\n\n<li>Muestra una advertencia cuando hay m\u00e1s de 20 archivos de cambios por procesar.<\/li>\n<\/ul>\n<\/li>\n<\/ul>\n\n\n\n<hr class=\"wp-block-separator has-alpha-channel-opacity\"\/>\n\n\n\n<h4 class=\"wp-block-heading\">Station 14.1.27 (2023-08-01) <a href=\"https:\/\/www.radix.com.mx\/archivos\/station_14\/station_14_1_27.exe\">Descargar<\/a><\/h4>\n\n\n\n<ul class=\"wp-block-list\">\n<li>Siempre se guarda la versi\u00f3n actual (completa) en la base de datos.<\/li>\n\n\n\n<li>Se corrigi\u00f3 error que pod\u00eda ocasionar que se detuviera la reproducci\u00f3n.<\/li>\n\n\n\n<li>Al revisar errores en la gu\u00eda comercial se optimiz\u00f3 la manera en que se recorren los errores y se revisa que no se est\u00e9 realizando ya ese proceso.<\/li>\n\n\n\n<li>Control:\n<ul class=\"wp-block-list\">\n<li>Al enviar audios a varias estaciones utiliza solo la versi\u00f3n mayor y versi\u00f3n menor para ver que las estaciones tengan la misma versi\u00f3n.<\/li>\n<\/ul>\n<\/li>\n<\/ul>\n\n\n\n<hr class=\"wp-block-separator has-alpha-channel-opacity\"\/>\n\n\n\n<h4 class=\"wp-block-heading\">Station 14.1.26 (2023-07-25) <a href=\"https:\/\/www.radix.com.mx\/archivos\/station_14\/station_14_1_26.exe\">Descargar<\/a><\/h4>\n\n\n\n<ul class=\"wp-block-list\">\n<li>Corrige error que ocasiona que se detuviera la reproducci\u00f3n cuando el CUE era muy peque\u00f1o.<\/li>\n\n\n\n<li>Control: Maneja el CUE hasta d\u00e9cimas de segundo.<\/li>\n<\/ul>\n\n\n\n<hr class=\"wp-block-separator has-alpha-channel-opacity\"\/>\n\n\n\n<h4 class=\"wp-block-heading\">Station 14.1.25 (2023-07-17) <a href=\"https:\/\/www.radix.com.mx\/archivos\/station_14\/station_14_1_25.exe\">Descargar<\/a><\/h4>\n\n\n\n<ul class=\"wp-block-list\">\n<li>Se actualizaron los componentes ZeosDBO de la versi\u00f3n 7.2.4 a la versi\u00f3n 7.2.14<\/li>\n\n\n\n<li>Se guarda un respaldo de las instrucciones SQL que generan los reportes para poderlos regenerar en caso de falla.<\/li>\n\n\n\n<li>Se respalda la configuraci\u00f3n en un archivo config.ini por si falla la base de datos.<\/li>\n<\/ul>\n\n\n\n<hr class=\"wp-block-separator has-alpha-channel-opacity\"\/>\n\n\n\n<h4 class=\"wp-block-heading\">Station 14.1.23 (2023-06-26) <a href=\"https:\/\/www.radix.com.mx\/archivos\/station_14\/station_14_1_23.exe\">Descargar<\/a><\/h4>\n\n\n\n<ul class=\"wp-block-list\">\n<li>Corrige error introducido en la versi\u00f3n 14.1.22 al refrescar la historia.<\/li>\n\n\n\n<li>Cambia a la versi\u00f3n 1.2 de TLS al enviar datos a un web service HTTP POST.<\/li>\n<\/ul>\n\n\n\n<hr class=\"wp-block-separator has-alpha-channel-opacity\"\/>\n\n\n\n<h4 class=\"wp-block-heading\">Station 14.1.22 (2023-06-14) <\/h4>\n\n\n\n<ul class=\"wp-block-list\">\n<li>Mejoras en Auto Entradas.\n<ul class=\"wp-block-list\">\n<li>Al recibir una gu\u00eda nueva borra la anterior antes de moverla a la carpeta adecuada.<\/li>\n\n\n\n<li>Se asegura que el archivo nuevo ya no est\u00e9 en uso antes de intentar abrirlo.<\/li>\n<\/ul>\n<\/li>\n\n\n\n<li>Al refrescar los permisos del usuario ya no refresca la lista de usuarios, eso solo se hace al cambiar de usuario.<\/li>\n<\/ul>\n\n\n\n<hr class=\"wp-block-separator has-alpha-channel-opacity\"\/>\n\n\n\n<h4 class=\"wp-block-heading\">Station 14.1.21 (2023-06-05) <a href=\"https:\/\/www.radix.com.mx\/archivos\/station_14\/station_14_1_21.exe\">Descargar<\/a><\/h4>\n\n\n\n<ul class=\"wp-block-list\">\n<li>Mejoras en el manejo de los permisos de usuarios.<\/li>\n\n\n\n<li>Al revisar cortes por tiempo ya no revisa si est\u00e1 vac\u00edo el playlist, con que no est\u00e9 ligado el evento es suficiente.<\/li>\n\n\n\n<li>Control:\n<ul class=\"wp-block-list\">\n<li>Antes de enviar y de conectarse a cabina revisa las versiones y en caso dado pregunta si se quiere actualizar.<\/li>\n\n\n\n<li>Se elimina la b\u00fasqueda de actualizaciones al salir.<\/li>\n\n\n\n<li>Bot\u00f3n para actualizar en ventana de configuraci\u00f3n.<\/li>\n<\/ul>\n<\/li>\n\n\n\n<li>Reportes\n<ul class=\"wp-block-list\">\n<li>Al pedir un reporte de una estaci\u00f3n revisa que la versi\u00f3n coincida y si no pregunta si se desea actualizar.<\/li>\n\n\n\n<li>Se elimina la b\u00fasqueda de actualizaciones al salir.<\/li>\n\n\n\n<li>Bot\u00f3n para actualizar.<\/li>\n<\/ul>\n<\/li>\n\n\n\n<li>Usuarios\n<ul class=\"wp-block-list\">\n<li>Al conectarse a la estaci\u00f3n revisa que la versi\u00f3n coincida y si no pregunta si se desea actualizar.<\/li>\n\n\n\n<li>Se elimina la b\u00fasqueda de actualizaciones al salir.<\/li>\n<\/ul>\n<\/li>\n<\/ul>\n\n\n\n<hr class=\"wp-block-separator has-alpha-channel-opacity\"\/>\n\n\n\n<h4 class=\"wp-block-heading\">Station 14.1.20 (2023-05-22) <a href=\"https:\/\/www.radix.com.mx\/archivos\/station_14\/station_14_1_20.exe\">Descargar<\/a><\/h4>\n\n\n\n<ul class=\"wp-block-list\">\n<li>Nueva funci\u00f3n: Auto Entradas.<br>Permite monitorear una carpeta para a\u00f1adir al cat\u00e1logo los archivos 7zip que se agreguen a la carpeta monitoreada.<br>Se puede usar RAM o Control para generar los archivos y mandarlos mediante Dropbox, GDrive, OneDrive, etc.<\/li>\n\n\n\n<li>Herramientas: Permite copiar todos los usuarios de una m\u00e1quina a otra.<\/li>\n\n\n\n<li>Correcci\u00f3n de error al refrescar el grid donde se despliega la historia.<\/li>\n<\/ul>\n\n\n\n<hr class=\"wp-block-separator has-alpha-channel-opacity\"\/>\n\n\n\n<h4 class=\"wp-block-heading\">Station 14.0.19 (2023-05-02) <a href=\"https:\/\/www.radix.com.mx\/archivos\/station_14\/station_14_0_14.exe\">Des<\/a><a href=\"https:\/\/www.radix.com.mx\/archivos\/station_14\/station_14_0_19.exe\">cargar<\/a><\/h4>\n\n\n\n<ul class=\"wp-block-list\">\n<li>Mejoras en las alarmas por falta de gu\u00edas.<\/li>\n\n\n\n<li>Instrumentaci\u00f3n para reportar al log la sincronizaci\u00f3n de hora.<\/li>\n<\/ul>\n\n\n\n<hr class=\"wp-block-separator has-alpha-channel-opacity\"\/>\n\n\n\n<h4 class=\"wp-block-heading\">Station 14.0.18 (2023-03-08) <a href=\"https:\/\/www.radix.com.mx\/archivos\/station_14\/station_14_0_14.exe\">Des<\/a><a href=\"https:\/\/www.radix.com.mx\/archivos\/station_14\/station_14_0_18.exe\">cargar<\/a><\/h4>\n\n\n\n<ul class=\"wp-block-list\">\n<li>Se depreca la funci\u00f3n @ETM.<\/li>\n<\/ul>\n\n\n\n<hr class=\"wp-block-separator has-alpha-channel-opacity\"\/>\n\n\n\n<h4 class=\"wp-block-heading\">Station 14.0.17 (2023-02-07) <a href=\"https:\/\/www.radix.com.mx\/archivos\/station_14\/station_14_0_14.exe\">Des<\/a><a href=\"https:\/\/www.radix.com.mx\/archivos\/station_14\/station_14_0_17.exe\">cargar<\/a><\/h4>\n\n\n\n<ul class=\"wp-block-list\">\n<li>Al revisar sincronizar hora el RefreshETM se hace siempre y no solo una vez por hora.<\/li>\n\n\n\n<li>Al cargar gu\u00eda revisa el par\u00e1metro del comando @HORA para asegurarse que sea 1 o 2.<\/li>\n\n\n\n<li>Quita Application.ProcessMesages de TRdxDXPlayer.ResetAudioLevels<\/li>\n\n\n\n<li>Mejora a reportes al cargar guia principal.<\/li>\n\n\n\n<li>Corrige errores que pod\u00edan aparecer al cerrar la ventana de escuchar en CUE.<\/li>\n\n\n\n<li>Se instrument\u00f3 en el log informaci\u00f3n de los sync cue y end.<\/li>\n<\/ul>\n\n\n\n<hr class=\"wp-block-separator has-alpha-channel-opacity\"\/>\n\n\n\n<h4 class=\"wp-block-heading\">Station 14.0.16 (2022-10-31) <a href=\"https:\/\/www.radix.com.mx\/archivos\/station_14\/station_14_0_14.exe\">Des<\/a><a href=\"https:\/\/www.radix.com.mx\/archivos\/station_14\/station_14_0_16.exe\">cargar<\/a><\/h4>\n\n\n\n<ul class=\"wp-block-list\">\n<li>Mejora el procesamiento en paralelo, solo intenta sincronizar las acciones si es necesario.<\/li>\n\n\n\n<li>Mejora la lectura y desplegado de temperatura para evitar deadlocks.<\/li>\n\n\n\n<li>Corrige error que permit\u00eda agregar comerciales al playlist aun cuando no tuvieran el permiso si lo hac\u00edan oprimiendo la tecla enter.<\/li>\n<\/ul>\n\n\n\n<hr class=\"wp-block-separator has-alpha-channel-opacity\"\/>\n\n\n\n<h4 class=\"wp-block-heading\">Station 14.0.15 (2022-10-04) <a href=\"https:\/\/www.radix.com.mx\/archivos\/station_14\/station_14_0_14.exe\">Des<\/a><a href=\"https:\/\/www.radix.com.mx\/archivos\/station_14\/station_14_0_15.exe\">cargar<\/a><\/h4>\n\n\n\n<ul class=\"wp-block-list\">\n<li>Mejoras en la sincronizaci\u00f3n de la hora. (No borraba lo que sobra de la hora en algunas circunstancias).<\/li>\n<\/ul>\n\n\n\n<hr class=\"wp-block-separator has-alpha-channel-opacity\"\/>\n\n\n\n<h4 class=\"wp-block-heading\">Station 14.0.14 (2022-09-21) <a href=\"https:\/\/www.radix.com.mx\/archivos\/station_14\/station_14_0_14.exe\">Descargar<\/a><\/h4>\n\n\n\n<ul class=\"wp-block-list\">\n<li>Corrige desplegado de las etiquetas de la hora al cargar una gu\u00eda.<\/li>\n\n\n\n<li>Corrige el error que hac\u00eda que se detuviera antes de los eventos: Pausa, Stop y Autoplay.<\/li>\n<\/ul>\n\n\n\n<hr class=\"wp-block-separator has-alpha-channel-opacity\"\/>\n\n\n\n<h4 class=\"wp-block-heading\">Station 14.0.13 (2022-08-17) <a href=\"https:\/\/www.radix.com.mx\/archivos\/station_14\/station_14_0_13.exe\">Descargar<\/a><\/h4>\n\n\n\n<ul class=\"wp-block-list\">\n<li>Cuando un audio no tiene CUE ya no se le asigna un CUE Sync.<\/li>\n\n\n\n<li>S\u00ed le asignan un audio a un bot\u00f3n de las botoneras que no tiene la Onda calculada, despu\u00e9s de calcularla la guarda en la BD.<\/li>\n\n\n\n<li>CONTROL: Al enviar audios a Station modifica el playlist para que las claves que iban a reproducir ese archivo busquen de nuevo el archivo.<\/li>\n\n\n\n<li>Corrige error que pod\u00eda ocasionar que se detuviera la reproducci\u00f3n despu\u00e9s de reproducir un audio muy corto.<\/li>\n<\/ul>\n\n\n\n<hr class=\"wp-block-separator has-alpha-channel-opacity\"\/>\n\n\n\n<h4 class=\"wp-block-heading\">Station 14.0.12 (2022-05-05) <a href=\"https:\/\/www.radix.com.mx\/archivos\/station_14\/station_14_0_12.exe\">Descargar<\/a><\/h4>\n\n\n\n<ul class=\"wp-block-list\">\n<li>En TmrEventosPorTiempo se revisa si se est\u00e1 reproduciendo la hora o el minuto desde el playlist para ver si se refrescan o no los grids.<\/li>\n\n\n\n<li>Se refrescan las gu\u00edas comerciales y de eventos mediante un syncronize.<\/li>\n\n\n\n<li>Revisa los permisos del usuario al arrastrar de la historia a la gu\u00eda de reproducci\u00f3n.<\/li>\n<\/ul>\n\n\n\n<hr class=\"wp-block-separator has-css-opacity\"\/>\n\n\n\n<h4 class=\"wp-block-heading\">Station 14.0.11 (2022-03-08) <a href=\"https:\/\/www.radix.com.mx\/archivos\/station_14\/station_14_0_11.exe\" data-type=\"URL\">Descargar<\/a><\/h4>\n\n\n\n<ul class=\"wp-block-list\">\n<li>Mejora la sincronizaci\u00f3n de la gu\u00eda al final de la hora.<\/li>\n\n\n\n<li>Actualizaciones autom\u00e1ticas.<\/li>\n<\/ul>\n\n\n\n<hr class=\"wp-block-separator has-css-opacity\"\/>\n\n\n\n<h4 class=\"wp-block-heading\">Station 14.0.10 (2022-02-22) <a href=\"https:\/\/www.radix.com.mx\/archivos\/station_14\/station_14_0_10.exe\" data-type=\"URL\">Descargar<\/a>  <\/h4>\n\n\n\n<ul class=\"wp-block-list\">\n<li>Guarda el SaveLastPlay mediante una cola para evitar que dos audios traten de guardar al mismo tiempo.<\/li>\n<\/ul>\n\n\n\n<hr class=\"wp-block-separator has-css-opacity\"\/>\n\n\n\n<h4 class=\"wp-block-heading\">Station 14.0.9 (2021-12-15) <a href=\"https:\/\/www.radix.com.mx\/archivos\/station_14\/station_14_0_9.exe\" data-type=\"URL\">Descargar<\/a>   <\/h4>\n\n\n\n<ul class=\"wp-block-list\">\n<li>Corrige error al a\u00f1adir el primer evento de Mixer Control.<\/li>\n\n\n\n<li>Nueva alerta por correo que indica se est\u00e1&nbsp; utilizando la gu\u00eda principal emergente si est\u00e1 configurado el correo de alertas de gu\u00eda principal faltante.<\/li>\n\n\n\n<li>No manda alertas de gu\u00edas desfasadas mientras se est\u00e1n cargando las gu\u00edas principal o comercial.<\/li>\n<\/ul>\n\n\n\n<hr class=\"wp-block-separator has-css-opacity\"\/>\n\n\n\n<h4 class=\"wp-block-heading\">  Station 14.0.8 (2021-12-06) <a href=\"https:\/\/www.radix.com.mx\/archivos\/station_14\/station_14_0_8.exe\" data-type=\"URL\">Descargar<\/a>  <\/h4>\n\n\n\n<ul class=\"wp-block-list\">\n<li>Al cargar la gu\u00eda principal del d\u00eda siguiente, si \u00e9sta no existe, se intenta cargar la gu\u00eda &#8220;GUIA_EMERGENTE.st1&#8221;<\/li>\n\n\n\n<li>Reproducir URL hace Fadeout en lugar de hacer stop al audio anterior.<\/li>\n\n\n\n<li>Al sincronizar horas ya no se fija que sean los \u00faltimos 10 minutos de cada hora, esto causaba que no se sincronizara la hora bajo algunas condiciones.<\/li>\n\n\n\n<li>Al reproducir la hora esta se obtiene en una variable al principio de la funci\u00f3n y se usa durante toda la funci\u00f3n.<\/li>\n\n\n\n<li>Se instrument\u00f3 el log a la reproducci\u00f3n de la hora.<\/li>\n\n\n\n<li>Se pas\u00f3 a un thread el SaveLastPlay.<\/li>\n\n\n\n<li>se agregaron logs a Stationplayer.DoNextEvent.lPlayNextFile para detectar en que lugar se generan lagunas.<\/li>\n\n\n\n<li>En Stationplayer.DoNextEvent.lPlayNextFile se asegura que el cambiar los datos de AudioProgress de mainform no se haga fuera del thread principal.<\/li>\n\n\n\n<li><\/li>\n<\/ul>\n\n\n\n<hr class=\"wp-block-separator has-css-opacity\"\/>\n\n\n\n<h4 class=\"wp-block-heading\"> Station 14.0.7 (2021-10-26) <a href=\"https:\/\/www.radix.com.mx\/archivos\/station_14\/station_14_0_7.exe\" data-type=\"URL\">Descargar<\/a> <\/h4>\n\n\n\n<ul class=\"wp-block-list\">\n<li>Corrige error en pesta\u00f1a de noticias (Canvas does not allow drawing).<\/li>\n\n\n\n<li>Revisa la licencia en WEB cada 6 horas para que no tengan que refrescar manualmente.<\/li>\n<\/ul>\n\n\n\n<hr class=\"wp-block-separator has-css-opacity\"\/>\n\n\n\n<h4 class=\"wp-block-heading\"> Station 14.0.6 (2021-10-01) <a href=\"https:\/\/www.radix.com.mx\/archivos\/station_14\/station_14_0_6.exe\" data-type=\"URL\">Descargar<\/a> <\/h4>\n\n\n\n<ul class=\"wp-block-list\">\n<li>Al mandar datos RDS por UDP a\u00f1ade el Enter al final si as\u00ed est\u00e1 configurado.<\/li>\n\n\n\n<li>Reportar a BD no se hace nunca en thread.<\/li>\n\n\n\n<li>Si falla al reportar a BD no hace inmediatamente el proceso de importar reportes fallidos, solo se hace al entrar al sistema.<\/li>\n\n\n\n<li>Importar reportes fallidos utiliza su propia conexi\u00f3n de BD.<\/li>\n\n\n\n<li>Correcci\u00f3n al Importar reportes fallidos para que revise correctamente la BD\/tabla de la fecha del reporte.<\/li>\n\n\n\n<li>Control: A\u00f1ade men\u00fa emergente a pantalla de listado de audios.<\/li>\n<\/ul>\n\n\n\n<hr class=\"wp-block-separator has-css-opacity\"\/>\n\n\n\n<h4 class=\"wp-block-heading\">  Station 14.0.5 (2021-09-09) <a href=\"https:\/\/www.radix.com.mx\/archivos\/station_14\/station_14_0_5.exe\" data-type=\"URL\">Descargar<\/a> <\/h4>\n\n\n\n<ul class=\"wp-block-list\">\n<li>Cambio de \u00edconos en reproductor de noticias para evitar errores \u201cOut of system resources\u201d.<\/li>\n\n\n\n<li>Se utiliza la configuraci\u00f3n regional de M\u00e9xico para evitar errores cuando tienen la configuraci\u00f3n en Espa\u00f1a o alg\u00fan otro pa\u00eds que utiliza la coma en lugar del punto como separador decimal.<\/li>\n\n\n\n<li>Corrige error al tratar de obtener la licencia del servidor web cuando no hay conexi\u00f3n a internet.<\/li>\n<\/ul>\n\n\n\n<hr class=\"wp-block-separator has-css-opacity\"\/>\n\n\n\n<h4 class=\"wp-block-heading\"> Station 14.0.4 (2021-08-30) <a href=\"https:\/\/www.radix.com.mx\/archivos\/station_14\/station_14_0_4.exe\" data-type=\"URL\">Descargar<\/a> <\/h4>\n\n\n\n<ul class=\"wp-block-list\">\n<li>Reporta cambios individuales a la configuraci\u00f3n.<\/li>\n\n\n\n<li>Corrige error al reportar la fecha\/hora de t\u00e9rmino de una menci\u00f3n en vivo.<\/li>\n\n\n\n<li>Al entrar al programa revisa si existe la gu\u00eda comercial del d\u00eda siguiente.<\/li>\n<\/ul>\n\n\n\n<hr class=\"wp-block-separator has-text-color has-black-color has-css-opacity has-black-background-color has-background is-style-default\"\/>\n\n\n\n<h4 class=\"wp-block-heading\"> Station 14.0.3 (2021-08-16) <a href=\"https:\/\/www.radix.com.mx\/archivos\/station_14\/station_14_0_3.exe\" data-type=\"URL\">Descargar<\/a> <\/h4>\n\n\n\n<ul class=\"wp-block-list\">\n<li>Al revisar la licencia checa el archivo en disco adem\u00e1s de la nube.<\/li>\n\n\n\n<li>Mejoras al reportar.<\/li>\n\n\n\n<li>Control: Al enviar un audio a cabina solo le a\u00f1ade la fecha\/hora de env\u00edo si ya existe un archivo con el mismo nombre.<\/li>\n<\/ul>\n\n\n\n<hr class=\"wp-block-separator has-css-opacity\"\/>\n\n\n\n<h4 class=\"wp-block-heading\"> Station 14.0.2 (2021-08-03) <a href=\"https:\/\/www.radix.com.mx\/archivos\/station_14\/station_14_0_2.exe\" data-type=\"URL\">Descargar<\/a>  <\/h4>\n\n\n\n<ul class=\"wp-block-list\">\n<li>Intercepta error si por alg\u00fan motivo no puede escribir en el disco duro un reporte.<\/li>\n\n\n\n<li>Permite cambiar el orden de las columnas del cat\u00e1logo de audios.<\/li>\n<\/ul>\n\n\n\n<hr class=\"wp-block-separator has-css-opacity\"\/>\n\n\n\n<h4 class=\"wp-block-heading\"> Station 14.0.1 (2021-07-29) <a href=\"https:\/\/www.radix.com.mx\/archivos\/station_14\/station_14_0_1.exe\" data-type=\"URL\">Descargar<\/a> <\/h4>\n\n\n\n<ul class=\"wp-block-list\">\n<li>Nueva opci\u00f3n en la configuraci\u00f3n para generar un archivo personalizado con la informaci\u00f3n del audio en reproducci\u00f3n.<\/li>\n\n\n\n<li>Reportes: Mejoras al exportar reportes.<\/li>\n\n\n\n<li>Control: Corrige error que no permit\u00eda mandar audios a cabina en ciertas circunstancias.<\/li>\n<\/ul>\n\n\n\n<hr class=\"wp-block-separator has-css-opacity\"\/>\n\n\n\n<h4 class=\"wp-block-heading\">Station 14.0.0 (2021-07-02) <a href=\"https:\/\/www.radix.com.mx\/archivos\/station_14\/station_14_0_0.exe\" data-type=\"URL\">Descargar<\/a><\/h4>\n\n\n\n<ul class=\"wp-block-list\">\n<li>Solo sincroniza la hora si al audio que se est\u00e1 reproduciendo le quedan por lo menos 60 segundos.<\/li>\n\n\n\n<li>Corrige PingAndReconect<\/li>\n\n\n\n<li>En Botones al oprimir Stop todo el c\u00f3digo se hace dentro del Synchronize.<\/li>\n\n\n\n<li>El cat\u00e1logo se refresca con un synchronize cuando no est\u00e1 en el thread principal.<\/li>\n\n\n\n<li>corrige error que no permit\u00eda soltar eventos en el playlist si estaba reproduciendo un URL.<\/li>\n\n\n\n<li>Corregido error que no liberaba la memoria al obtener CUE de archivos.<\/li>\n\n\n\n<li>En MixerControl se puede copiar la configuraci\u00f3n de un d\u00eda a otros.<\/li>\n\n\n\n<li>Reporta el manejo de usuarios (altas, bajas, ediciones).<\/li>\n\n\n\n<li>Obtiene y reporta la duraci\u00f3n de los archivos externos que se a\u00f1aden a la lista de reproducci\u00f3n.<\/li>\n\n\n\n<li><strong>Herramientas<\/strong>\n<ul class=\"wp-block-list\">\n<li>Al reconstruir la base de datos de control permite hacerlo de forma recursiva en las carpetas que contienen los audios.<\/li>\n<\/ul>\n<\/li>\n\n\n\n<li><strong>Control<\/strong>\n<ul class=\"wp-block-list\">\n<li>Al revisar la gu\u00eda si no se puede conectar a la cabina muestra un mensaje en lugar de marcar los audios como no encontrados.<\/li>\n<\/ul>\n<\/li>\n\n\n\n<li><strong>Reportes<\/strong>\n<ul class=\"wp-block-list\">\n<li>Permite generar el testigo del evento seleccionado.<\/li>\n<\/ul>\n<\/li>\n<\/ul>\n\n\n\n<hr class=\"wp-block-separator has-css-opacity\"\/>\n","protected":false},"excerpt":{"rendered":"<p>No recomendamos hacer actualizaciones en fin de semana ni d\u00edas festivos.Si por alguna raz\u00f3n es requisito indispensable por favor primero av\u00edsenos para estar preparados para cualquier eventualidad que pudiera surgir. Historial de cambios Station 14.1.30 (2024-04-30) Descargar Station 14.1.29 (2024-01-30) Descargar Station 14.1.28 (2023-08-15) Descargar Station 14.1.27 (2023-08-01) Descargar Station 14.1.26 (2023-07-25) Descargar Station 14.1.25\u2026 <span class=\"read-more\"><a href=\"http:\/\/www.radix.com.mx\/?page_id=1942\">Read More &raquo;<\/a><\/span><\/p>\n","protected":false},"author":2,"featured_media":0,"parent":0,"menu_order":0,"comment_status":"closed","ping_status":"closed","template":"","meta":{"footnotes":""},"class_list":["post-1942","page","type-page","status-publish","hentry"],"_links":{"self":[{"href":"http:\/\/www.radix.com.mx\/index.php?rest_route=\/wp\/v2\/pages\/1942","targetHints":{"allow":["GET"]}}],"collection":[{"href":"http:\/\/www.radix.com.mx\/index.php?rest_route=\/wp\/v2\/pages"}],"about":[{"href":"http:\/\/www.radix.com.mx\/index.php?rest_route=\/wp\/v2\/types\/page"}],"author":[{"embeddable":true,"href":"http:\/\/www.radix.com.mx\/index.php?rest_route=\/wp\/v2\/users\/2"}],"replies":[{"embeddable":true,"href":"http:\/\/www.radix.com.mx\/index.php?rest_route=%2Fwp%2Fv2%2Fcomments&post=1942"}],"version-history":[{"count":49,"href":"http:\/\/www.radix.com.mx\/index.php?rest_route=\/wp\/v2\/pages\/1942\/revisions"}],"predecessor-version":[{"id":2485,"href":"http:\/\/www.radix.com.mx\/index.php?rest_route=\/wp\/v2\/pages\/1942\/revisions\/2485"}],"wp:attachment":[{"href":"http:\/\/www.radix.com.mx\/index.php?rest_route=%2Fwp%2Fv2%2Fmedia&parent=1942"}],"curies":[{"name":"wp","href":"https:\/\/api.w.org\/{rel}","templated":true}]}}