{"id":6,"date":"2007-01-24T17:45:33","date_gmt":"2007-01-24T23:45:33","guid":{"rendered":"http:\/\/www.radix.com.mx\/?page_id=6"},"modified":"2012-02-15T11:22:23","modified_gmt":"2012-02-15T17:22:23","slug":"spotman","status":"publish","type":"page","link":"http:\/\/www.radix.com.mx\/?page_id=6","title":{"rendered":"Spot Manager v3"},"content":{"rendered":"<p style=\"text-align: right;\"><a href=\"http:\/\/www.radix.com.mx\/?page_id=18\">Descargas, Actualizaciones, Manual<\/a><\/p>\n<p><strong>Continuidad comercial, facturaci\u00f3n y cobranza.<\/strong><\/p>\n<p><strong>Especificaciones<\/strong><\/p>\n<ul>\n<li>Manejo integral de todas sus necesidades administrativas.<\/li>\n<li>Control de Clientes, Vendedores, Facturaci\u00f3n y Cobranza.<\/li>\n<li>Amplia gama de reportes para el analisis de los datos.<\/li>\n<li>Generaci\u00f3n de guias de continuidad para sistemas de automatizaci\u00f3n.<\/li>\n<\/ul>\n<hr \/>\n<p><strong>Pantalla principal<\/strong><\/p>\n<p><img decoding=\"async\" src=\"http:\/\/www.radix.com.mx\/images\/spotman\/principal.png\" alt=\"\" \/><\/p>\n<hr \/>\n<p><strong>Clientes<\/strong><\/p>\n<ul>\n<li>Manejo integral de su cartera de clientes.<\/li>\n<li>Asignacion de vendedores a clientes.<\/li>\n<\/ul>\n<p><img decoding=\"async\" src=\"http:\/\/www.radix.com.mx\/images\/spotman\/cliente.png\" alt=\"\" \/><\/p>\n<hr \/>\n<p><strong>Vendedores<\/strong><\/p>\n<ul>\n<li>Manejo de vendedores.<\/li>\n<li>Comisiones.<\/li>\n<\/ul>\n<p><img decoding=\"async\" src=\"http:\/\/www.radix.com.mx\/images\/spotman\/vendedor.png\" alt=\"\" \/><\/p>\n<hr \/>\n<p><strong>Contratos<\/strong><\/p>\n<ul>\n<li>Distintas pautas por contrato.<\/li>\n<li>Distintos tipos de contratos (Normal, Intercambio, RTC, VIP)<\/li>\n<li>Posibilidad de facturar con distintas empresas.<\/li>\n<li>Opciones de facturaci\u00f3n autom\u00e1tica por contrato.<\/li>\n<\/ul>\n<p><img decoding=\"async\" src=\"http:\/\/www.radix.com.mx\/images\/spotman\/contrato.png\" alt=\"\" \/><\/p>\n<hr \/>\n<p><strong>Reportes<\/strong><\/p>\n<ul>\n<li>El sistema cuenta con una gran variedad de reportes para que usted pueda analizar los datos de manera facil y r\u00e1pida.<\/li>\n<li>Vea las ventas por cliente, las comisiones de los vendedores, los comerciales por dia, etc..<\/li>\n<li>Los reportes pueden ser por d\u00eda o abarcar cualquier rango de fechas.<\/li>\n<\/ul>\n<p><img decoding=\"async\" src=\"http:\/\/www.radix.com.mx\/images\/spotman\/reportes.png\" alt=\"\" \/><\/p>\n<hr \/>\n<p><strong>Facturaci\u00f3n<\/strong><\/p>\n<ul>\n<li>Facture de forma autom\u00e1tica a todos sus clientes.<\/li>\n<li>En la pantalla se muestran autom\u00e1ticamente todos los contratos que tienen facturas pendientes.<\/li>\n<li>Con oprimir un bot\u00f3n se imprime la factura del cliente.<\/li>\n<\/ul>\n<p><img decoding=\"async\" src=\"http:\/\/www.radix.com.mx\/images\/spotman\/facturacion.png\" alt=\"\" \/><\/p>\n<hr \/>\n<p><strong>Cobranza<\/strong><\/p>\n<ul>\n<li>Mediante el modulo de cobranza usted puede verificar facilmente las facturas que est\u00e1n pendientes de pago.<\/li>\n<li>La cartera de cobranza se puede agrupar y ordenar por fechas, folio, cliente, etc.<\/li>\n<\/ul>\n<p><img decoding=\"async\" src=\"http:\/\/www.radix.com.mx\/images\/spotman\/cobranza.png\" alt=\"\" \/><\/p>\n<hr \/>\n<p><strong>Continuidad<\/strong><\/p>\n<ul>\n<li>Realice la guia de continuidad en minutos.<\/li>\n<li>Los comerciales se progrman deacuerdo con las preferencias globales y las especificadas en cada pauta.<\/li>\n<li>Edici\u00f3n sencilla y r\u00e1pida de la continuidad sin posibilidad de omitir comerciales.<\/li>\n<li>Programacion de varias fechas con un solo click.<\/li>\n<\/ul>\n<p><img decoding=\"async\" src=\"http:\/\/www.radix.com.mx\/images\/spotman\/continuidad.png\" alt=\"\" \/><\/p>\n<hr \/>\n<p><strong>Requisitos para instalar el sistema<\/strong><\/p>\n<ul>\n<li>Computadora con procesador Intel Pentium 4 a 1.5 GHz o mayor.<\/li>\n<li>256 MB memoria RAM.<\/li>\n<li>20 MB de espacio libre en el disco duro.<\/li>\n<li>Tarjeta de red.<\/li>\n<\/ul>\n","protected":false},"excerpt":{"rendered":"<p>Descargas, Actualizaciones, Manual Continuidad comercial, facturaci\u00f3n y cobranza. Especificaciones Manejo integral de todas sus necesidades administrativas. Control de Clientes, Vendedores, Facturaci\u00f3n y Cobranza. Amplia gama de reportes para el analisis de los datos. Generaci\u00f3n de guias de continuidad para sistemas de automatizaci\u00f3n. Pantalla principal Clientes Manejo integral de su cartera de clientes. Asignacion de vendedores\u2026 <span class=\"read-more\"><a href=\"http:\/\/www.radix.com.mx\/?page_id=6\">Read More &raquo;<\/a><\/span><\/p>\n","protected":false},"author":2,"featured_media":0,"parent":3,"menu_order":0,"comment_status":"closed","ping_status":"closed","template":"","meta":{"footnotes":""},"class_list":["post-6","page","type-page","status-publish","hentry"],"_links":{"self":[{"href":"http:\/\/www.radix.com.mx\/index.php?rest_route=\/wp\/v2\/pages\/6","targetHints":{"allow":["GET"]}}],"collection":[{"href":"http:\/\/www.radix.com.mx\/index.php?rest_route=\/wp\/v2\/pages"}],"about":[{"href":"http:\/\/www.radix.com.mx\/index.php?rest_route=\/wp\/v2\/types\/page"}],"author":[{"embeddable":true,"href":"http:\/\/www.radix.com.mx\/index.php?rest_route=\/wp\/v2\/users\/2"}],"replies":[{"embeddable":true,"href":"http:\/\/www.radix.com.mx\/index.php?rest_route=%2Fwp%2Fv2%2Fcomments&post=6"}],"version-history":[{"count":6,"href":"http:\/\/www.radix.com.mx\/index.php?rest_route=\/wp\/v2\/pages\/6\/revisions"}],"predecessor-version":[{"id":809,"href":"http:\/\/www.radix.com.mx\/index.php?rest_route=\/wp\/v2\/pages\/6\/revisions\/809"}],"up":[{"embeddable":true,"href":"http:\/\/www.radix.com.mx\/index.php?rest_route=\/wp\/v2\/pages\/3"}],"wp:attachment":[{"href":"http:\/\/www.radix.com.mx\/index.php?rest_route=%2Fwp%2Fv2%2Fmedia&parent=6"}],"curies":[{"name":"wp","href":"https:\/\/api.w.org\/{rel}","templated":true}]}}