{"id":8,"date":"2007-01-24T17:46:15","date_gmt":"2007-01-24T23:46:15","guid":{"rendered":"http:\/\/www.radix.com.mx\/?page_id=8"},"modified":"2020-11-18T12:43:38","modified_gmt":"2020-11-18T18:43:38","slug":"centinela","status":"publish","type":"page","link":"http:\/\/www.radix.com.mx\/?page_id=8","title":{"rendered":"Centinela"},"content":{"rendered":"<div style=\"text-align: right;\"><a href=\"http:\/\/www.radix.com.mx\/?page_id=1388\"><br \/>\nDescargas, Actualizaciones<\/a><\/div>\n<div><strong>Sistema de grabaci\u00f3n y archivo de las transmisiones<\/strong><\/div>\n<div><strong>Especificaciones<\/strong><\/div>\n<ul>\n<li>Alta compresi\u00f3n del audio que permite almacenar meses enteros de grabaci\u00f3n en un disco duro.<\/li>\n<li>Se puede configurar la duraci\u00f3n de cada archivo grabado (5,\u00a010,\u00a015,\u00a030 o\u00a060 minutos)<\/li>\n<li>Acceso mediante red a los archivos almacenados.<\/li>\n<li>Los archivos generados est\u00e1n listos para ponerse en un servidor de Internet.<\/li>\n<li>Puede utilizar cualquier tarjeta de sonido compatible con Windows.<\/li>\n<li>Grabaci\u00f3n desde diferentes tarjetas de sonido al mismo tiempo (requiere una licencia por cada tarjeta).<\/li>\n<li>Se pueden grabar dos estaciones por cada tarjeta de sonido, el sistema genera un archivo independiente para cada estaci\u00f3n.<\/li>\n<\/ul>\n<hr \/>\n<p><strong>Pantalla principal<\/strong><\/p>\n<p><img loading=\"lazy\" decoding=\"async\" class=\"alignnone size-full wp-image-1392\" src=\"http:\/\/www.radix.com.mx\/wp-content\/uploads\/Centinela5.png\" alt=\"Centinela 5\" width=\"713\" height=\"411\" srcset=\"http:\/\/www.radix.com.mx\/wp-content\/uploads\/Centinela5.png 713w, http:\/\/www.radix.com.mx\/wp-content\/uploads\/Centinela5-300x173.png 300w, http:\/\/www.radix.com.mx\/wp-content\/uploads\/Centinela5-660x380.png 660w\" sizes=\"auto, (max-width: 713px) 100vw, 713px\" \/><\/p>\n<hr \/>\n<p><strong><span class=\"producthdr\">Configuraci\u00f3n<\/span><\/strong><\/p>\n<ul>\n<li>Mediante el panel de configuraci\u00f3n se modifican los par\u00e1metros del sistema.<\/li>\n<li>Se define si el sistema generar\u00e1 archivos independientes para cada canal o se grabar\u00e1 en est\u00e9reo.<\/li>\n<li>Se selecciona desde que canal de la tarjeta de sonido se grabar\u00e1.<\/li>\n<li>Se pueden elegir la hora de inicio y termino de las grabaciones, as\u00ed como la duraci\u00f3n de cada archivo.<\/li>\n<li>Se puede elegir entre 3 formatos de compresi\u00f3n del audio:<br \/>\nMP3, M4A\u00a0y WMA<\/li>\n<li>Se definen los par\u00e1metros de compresi\u00f3n del audio.<\/li>\n<\/ul>\n<p><img loading=\"lazy\" decoding=\"async\" class=\"alignnone size-full wp-image-1393\" src=\"http:\/\/www.radix.com.mx\/wp-content\/uploads\/Centinela5_config.png\" alt=\"Centinela 5 Configuraci\u00f3n\" width=\"455\" height=\"338\" srcset=\"http:\/\/www.radix.com.mx\/wp-content\/uploads\/Centinela5_config.png 455w, http:\/\/www.radix.com.mx\/wp-content\/uploads\/Centinela5_config-300x223.png 300w\" sizes=\"auto, (max-width: 455px) 100vw, 455px\" \/><\/p>\n<hr \/>\n<p><strong>Envi\u00f3 de archivos a servidor FTP<\/strong><\/p>\n<div>\n<ul>\n<li>Se puede configurar un servidor FTP donde se almacenan autom\u00e1ticamente los archivos una vez que se terminan de grabar.<\/li>\n<\/ul>\n<\/div>\n<div><img loading=\"lazy\" decoding=\"async\" class=\"alignnone size-full wp-image-1394\" src=\"http:\/\/www.radix.com.mx\/wp-content\/uploads\/Centienla5_FTP.png\" alt=\"Centienla 5 FTP\" width=\"345\" height=\"298\" srcset=\"http:\/\/www.radix.com.mx\/wp-content\/uploads\/Centienla5_FTP.png 345w, http:\/\/www.radix.com.mx\/wp-content\/uploads\/Centienla5_FTP-300x259.png 300w\" sizes=\"auto, (max-width: 345px) 100vw, 345px\" \/><\/div>\n<hr \/>\n<p><strong>Requisitos para instalar el sistema<\/strong><\/p>\n<ul>\n<li>Computadora con procesador Intel i3, i5, i7 o Ryzen 3, 5, 7.<\/li>\n<li>Windows 10.<\/li>\n<li>8 GB memoria RAM.<\/li>\n<li>Disco duro de acuerdo a la cantidad de audio que se quiera almacenar.<\/li>\n<li>Tarjeta de sonido compatible con Windows y DirectX.<br \/>\nPuede ser profesional o multimedia.<\/li>\n<li>Tarjeta de red.<\/li>\n<\/ul>\n","protected":false},"excerpt":{"rendered":"<p>Descargas, Actualizaciones Sistema de grabaci\u00f3n y archivo de las transmisiones Especificaciones Alta compresi\u00f3n del audio que permite almacenar meses enteros de grabaci\u00f3n en un disco duro. Se puede configurar la duraci\u00f3n de cada archivo grabado (5,\u00a010,\u00a015,\u00a030 o\u00a060 minutos) Acceso mediante red a los archivos almacenados. Los archivos generados est\u00e1n listos para ponerse en un servidor\u2026 <span class=\"read-more\"><a href=\"http:\/\/www.radix.com.mx\/?page_id=8\">Read More &raquo;<\/a><\/span><\/p>\n","protected":false},"author":2,"featured_media":0,"parent":3,"menu_order":0,"comment_status":"closed","ping_status":"closed","template":"","meta":{"footnotes":""},"class_list":["post-8","page","type-page","status-publish","hentry"],"_links":{"self":[{"href":"http:\/\/www.radix.com.mx\/index.php?rest_route=\/wp\/v2\/pages\/8","targetHints":{"allow":["GET"]}}],"collection":[{"href":"http:\/\/www.radix.com.mx\/index.php?rest_route=\/wp\/v2\/pages"}],"about":[{"href":"http:\/\/www.radix.com.mx\/index.php?rest_route=\/wp\/v2\/types\/page"}],"author":[{"embeddable":true,"href":"http:\/\/www.radix.com.mx\/index.php?rest_route=\/wp\/v2\/users\/2"}],"replies":[{"embeddable":true,"href":"http:\/\/www.radix.com.mx\/index.php?rest_route=%2Fwp%2Fv2%2Fcomments&post=8"}],"version-history":[{"count":13,"href":"http:\/\/www.radix.com.mx\/index.php?rest_route=\/wp\/v2\/pages\/8\/revisions"}],"predecessor-version":[{"id":1882,"href":"http:\/\/www.radix.com.mx\/index.php?rest_route=\/wp\/v2\/pages\/8\/revisions\/1882"}],"up":[{"embeddable":true,"href":"http:\/\/www.radix.com.mx\/index.php?rest_route=\/wp\/v2\/pages\/3"}],"wp:attachment":[{"href":"http:\/\/www.radix.com.mx\/index.php?rest_route=%2Fwp%2Fv2%2Fmedia&parent=8"}],"curies":[{"name":"wp","href":"https:\/\/api.w.org\/{rel}","templated":true}]}}