{"id":89,"date":"2008-10-15T17:44:55","date_gmt":"2008-10-15T23:44:55","guid":{"rendered":"http:\/\/www.radix.com.mx\/?page_id=89"},"modified":"2011-08-02T15:08:55","modified_gmt":"2011-08-02T21:08:55","slug":"multiplay","status":"publish","type":"page","link":"http:\/\/www.radix.com.mx\/?page_id=89","title":{"rendered":"MultiPlay"},"content":{"rendered":"<p>&nbsp;<\/p>\n<table border=\"0\">\n<tbody>\n<tr>\n<td>\n<div style=\"text-align: right;\"><a href=\"http:\/\/www.radix.com.mx\/?page_id=384\">Descargas, Actualizaciones, Manual<\/a><\/div>\n<div><strong>Sistema de automatizaci\u00f3n por computadora para m\u00faltiples canales.<\/strong><\/div>\n<div><strong>Especificaciones<\/strong><\/div>\n<ul>\n<li>M\u00faltiples canales de reproducci\u00f3n en una sola computadora.<\/li>\n<li>Facilidad para auto programarse siguiendo una f\u00f3rmula.<\/li>\n<li>Reproduce archivos de audio MP1, MP2, MP3, WMA, OGG, FLAC, WAV con cualquier relaci\u00f3n de compresi\u00f3n.<\/li>\n<li>El sistema puede mezclar los diferentes sonidos sin necesidad de tener varias tarjetas de audio.<\/li>\n<li>Puede trabajar con cualquier tarjeta de audio que funcione en Windows 2000\/XP\/Vista.<\/li>\n<li>Compatibilidad con cualquier editor de audio.<\/li>\n<\/ul>\n<\/td>\n<\/tr>\n<tr>\n<td>\n<hr \/>\n<p><strong>Pantalla principal<\/strong><\/p>\n<div><img loading=\"lazy\" decoding=\"async\" class=\"alignnone\" title=\"Pantalla principal\" src=\"http:\/\/www.radix.com.mx\/images\/multiplay\/pantalla.png\" alt=\"\" width=\"600\" height=\"427\" \/><\/div>\n<\/td>\n<\/tr>\n<tr>\n<td>\n<hr \/>\n<p><strong>AutoDJ<\/strong><\/p>\n<div><img loading=\"lazy\" decoding=\"async\" style=\"margin-right: 10px;\" title=\"AutoDJ\" src=\"http:\/\/www.radix.com.mx\/images\/multiplay\/autodj.png\" alt=\"\" width=\"300\" height=\"437\" align=\"left\" \/>Mediante esta pantalla se define que tarjeta de sonido va a usar el MultiPlay para reproducir el audio.<\/div>\n<div>La funci\u00f3n <strong>AutoDJ<\/strong> tiene varios par\u00e1metros de configuraci\u00f3n para que el audio se reproduzca de forma aleatoria, shuffle (aleatorio sin repeticiones), las m\u00e1s tocadas, las menos tocadas o mediante una formula definida por el usuario.<\/div>\n<div>El comando <strong>Separaci\u00f3n <\/strong>le indica al sistema el n\u00famero de canciones que tienen que pasar antes que se pueda programar una canci\u00f3n del mismo interprete.<\/div>\n<div>La <strong>formula<\/strong> se puede generar utilizando cualquier campo del cat\u00e1logo de audio, T\u00edtulo, Interprete, Categor\u00eda, A\u00f1o, Idioma, etc.<\/div>\n<div>No est\u00e1 limitado el n\u00famero de elementos que contiene una f\u00f3rmula.<\/div>\n<\/td>\n<\/tr>\n<tr>\n<td>\n<hr \/>\n<p><strong>Cat\u00e1logo de audio<\/strong><\/p>\n<div><img loading=\"lazy\" decoding=\"async\" class=\"alignnone\" title=\"Cat\u00e1logo\" src=\"http:\/\/www.radix.com.mx\/images\/multiplay\/catalogo.png\" alt=\"\" width=\"584\" height=\"224\" \/><\/div>\n<div>El cat\u00e1logo muestra la lista de audios disponibles en el sistema para su reproducci\u00f3n.<\/div>\n<\/td>\n<\/tr>\n<\/tbody>\n<\/table>\n","protected":false},"excerpt":{"rendered":"<p>&nbsp; Descargas, Actualizaciones, Manual Sistema de automatizaci\u00f3n por computadora para m\u00faltiples canales. Especificaciones M\u00faltiples canales de reproducci\u00f3n en una sola computadora. Facilidad para auto programarse siguiendo una f\u00f3rmula. Reproduce archivos de audio MP1, MP2, MP3, WMA, OGG, FLAC, WAV con cualquier relaci\u00f3n de compresi\u00f3n. El sistema puede mezclar los diferentes sonidos sin necesidad de tener\u2026 <span class=\"read-more\"><a href=\"http:\/\/www.radix.com.mx\/?page_id=89\">Read More &raquo;<\/a><\/span><\/p>\n","protected":false},"author":2,"featured_media":0,"parent":3,"menu_order":0,"comment_status":"closed","ping_status":"closed","template":"","meta":{"footnotes":""},"class_list":["post-89","page","type-page","status-publish","hentry"],"_links":{"self":[{"href":"http:\/\/www.radix.com.mx\/index.php?rest_route=\/wp\/v2\/pages\/89","targetHints":{"allow":["GET"]}}],"collection":[{"href":"http:\/\/www.radix.com.mx\/index.php?rest_route=\/wp\/v2\/pages"}],"about":[{"href":"http:\/\/www.radix.com.mx\/index.php?rest_route=\/wp\/v2\/types\/page"}],"author":[{"embeddable":true,"href":"http:\/\/www.radix.com.mx\/index.php?rest_route=\/wp\/v2\/users\/2"}],"replies":[{"embeddable":true,"href":"http:\/\/www.radix.com.mx\/index.php?rest_route=%2Fwp%2Fv2%2Fcomments&post=89"}],"version-history":[{"count":69,"href":"http:\/\/www.radix.com.mx\/index.php?rest_route=\/wp\/v2\/pages\/89\/revisions"}],"predecessor-version":[{"id":666,"href":"http:\/\/www.radix.com.mx\/index.php?rest_route=\/wp\/v2\/pages\/89\/revisions\/666"}],"up":[{"embeddable":true,"href":"http:\/\/www.radix.com.mx\/index.php?rest_route=\/wp\/v2\/pages\/3"}],"wp:attachment":[{"href":"http:\/\/www.radix.com.mx\/index.php?rest_route=%2Fwp%2Fv2%2Fmedia&parent=89"}],"curies":[{"name":"wp","href":"https:\/\/api.w.org\/{rel}","templated":true}]}}