{"id":277,"date":"2009-06-04T10:57:34","date_gmt":"2009-06-04T16:57:34","guid":{"rendered":"http:\/\/www.radix.com.mx\/?page_id=277"},"modified":"2021-08-30T17:31:38","modified_gmt":"2021-08-30T23:31:38","slug":"descargas-de-multirec","status":"publish","type":"page","link":"https:\/\/www.radix.com.mx\/?page_id=277","title":{"rendered":"Descargas de MultiRec"},"content":{"rendered":"<h3><strong style=\"font-size: 14px; line-height: 1.5em;\">Historial de cambios<\/strong><\/h3>\n<p><strong>2.0.0 (19\/03\/2014)<\/strong>\u00a0<a href=\"https:\/\/www.radix.com.mx\/archivos\/multirec\/MultiRec_2_0_0.exe\">Descargar<\/a><\/p>\n<ul>\n<li>Permite una cantidad indeterminada de canales en una sola m\u00e1quina, solo est\u00e1 limitado por la capacidad de procesamiento y memoria de la m\u00e1quina.<\/li>\n<li>Permite configurar el formato y la calidad de grabaci\u00f3n por cada evento a grabar.<\/li>\n<\/ul>\n<p><strong style=\"line-height: 1.5em;\">1.2.0 (23\/septiembre\/2009)\u00a0<\/strong><a style=\"line-height: 1.5em;\" href=\"https:\/\/www.radix.com.mx\/archivos\/multirec\/old\/MultiRec_1_2_0.exe\">Descargar<\/a><\/p>\n<ul>\n<li>Permite bloquear los controles de la configuraci\u00f3n de los canales.<\/li>\n<li>Minimiza en el \u00e1rea de notificaci\u00f3n.<\/li>\n<\/ul>\n<p><strong>1.1.0 (4\/Junio\/2009)<\/strong><\/p>\n<ul>\n<li>Corrige error que pon\u00eda el nombre equivocado a la grabaci\u00f3n.<\/li>\n<\/ul>\n<p><strong>1.0.0<\/strong><\/p>\n","protected":false},"excerpt":{"rendered":"<p>Historial de cambios 2.0.0 (19\/03\/2014)\u00a0Descargar Permite una cantidad indeterminada de canales en una sola m\u00e1quina, solo est\u00e1 limitado por la capacidad de procesamiento y memoria de la m\u00e1quina. Permite configurar el formato y la calidad de grabaci\u00f3n por cada evento a grabar. 1.2.0 (23\/septiembre\/2009)\u00a0Descargar Permite bloquear los controles de la configuraci\u00f3n de los canales. Minimiza\u2026 <span class=\"read-more\"><a href=\"https:\/\/www.radix.com.mx\/?page_id=277\">Read More &raquo;<\/a><\/span><\/p>\n","protected":false},"author":2,"featured_media":0,"parent":274,"menu_order":0,"comment_status":"closed","ping_status":"closed","template":"","meta":{"footnotes":""},"class_list":["post-277","page","type-page","status-publish","hentry"],"_links":{"self":[{"href":"https:\/\/www.radix.com.mx\/index.php?rest_route=\/wp\/v2\/pages\/277","targetHints":{"allow":["GET"]}}],"collection":[{"href":"https:\/\/www.radix.com.mx\/index.php?rest_route=\/wp\/v2\/pages"}],"about":[{"href":"https:\/\/www.radix.com.mx\/index.php?rest_route=\/wp\/v2\/types\/page"}],"author":[{"embeddable":true,"href":"https:\/\/www.radix.com.mx\/index.php?rest_route=\/wp\/v2\/users\/2"}],"replies":[{"embeddable":true,"href":"https:\/\/www.radix.com.mx\/index.php?rest_route=%2Fwp%2Fv2%2Fcomments&post=277"}],"version-history":[{"count":9,"href":"https:\/\/www.radix.com.mx\/index.php?rest_route=\/wp\/v2\/pages\/277\/revisions"}],"predecessor-version":[{"id":2057,"href":"https:\/\/www.radix.com.mx\/index.php?rest_route=\/wp\/v2\/pages\/277\/revisions\/2057"}],"up":[{"embeddable":true,"href":"https:\/\/www.radix.com.mx\/index.php?rest_route=\/wp\/v2\/pages\/274"}],"wp:attachment":[{"href":"https:\/\/www.radix.com.mx\/index.php?rest_route=%2Fwp%2Fv2%2Fmedia&parent=277"}],"curies":[{"name":"wp","href":"https:\/\/api.w.org\/{rel}","templated":true}]}}