{"id":4,"date":"2007-01-24T17:36:02","date_gmt":"2007-01-24T23:36:02","guid":{"rendered":"http:\/\/www.radix.com.mx\/?page_id=4"},"modified":"2021-07-05T10:16:13","modified_gmt":"2021-07-05T16:16:13","slug":"radix-audio-manager","status":"publish","type":"page","link":"https:\/\/www.radix.com.mx\/?page_id=4","title":{"rendered":"Radix Audio Manager v3"},"content":{"rendered":"<p style=\"text-align: right;\"><a href=\"http:\/\/www.radix.com.mx\/?page_id=12\">Descargas<\/a><\/p>\n<h3><strong>Programaci\u00f3n musical sin complicaciones<\/strong><\/h3>\n<p><strong>Especificaciones<\/strong><\/p>\n<ul>\n<li>Integraci\u00f3n con Station.<\/li>\n<li>F\u00e1cil de utilizar.<\/li>\n<li>Manejo de toda su discograf\u00eda.<\/li>\n<li>No hay limite para el n\u00famero de categor\u00edas en las que puede separar su catalogo.<\/li>\n<li>No hay limite para el n\u00famero de formulas de programaci\u00f3n que puede crear.<\/li>\n<li>Su uso es flexible para ajustarse a sus necesidades de programaci\u00f3n.<\/li>\n<li>Puede generar gu\u00edas de automatizaci\u00f3n para la mayor\u00eda de los sistemas de transmisi\u00f3n.<\/li>\n<\/ul>\n<p><strong>Datos de las canciones<\/strong><\/p>\n<ul>\n<li>Al dando de alta los datos que caracterizan cada canci\u00f3n el sistema obtiene la informaci\u00f3n necesaria para elegir las melod\u00edas al momento de hacer la programaci\u00f3n.<\/li>\n<li>Existen datos, que aunque opcionales, permiten mejorar la clasificaci\u00f3n de la canci\u00f3n, y se pueden utilizar en las formulas de programaci\u00f3n.<\/li>\n<li class=\"style1\">Al dar de alta una canci\u00f3n se puede escuchar y grabar del disco compacto al disco duro, en cualquiera de los formatos soportados por el sistema.<\/li>\n<\/ul>\n<p><img decoding=\"async\" title=\"Cancion\" src=\"http:\/\/www.radix.com.mx\/images\/ram\/cancion.jpg\" alt=\"Cancion\" \/><\/p>\n<p><strong>Formulas de programaci\u00f3n<\/strong><\/p>\n<ul>\n<li>Las formulas pueden estar formadas por todos los eventos que se quiera.<\/li>\n<li class=\"style1\">Cada evento puede incluir uno o m\u00e1s de los elementos disponibles para la programaci\u00f3n; por ejemplo, que la categor\u00eda sea Ingles Pop y el ritmo sea &gt; 3.<\/li>\n<li>Los eventos pueden ser comandos especiales para el sistema de transmisi\u00f3n por computadora.<\/li>\n<\/ul>\n<p><img decoding=\"async\" title=\"formula\" src=\"http:\/\/www.radix.com.mx\/images\/ram\/formula.jpg\" alt=\"formula\" \/><\/p>\n<p><strong>Reglas de programaci\u00f3n<\/strong><\/p>\n<ul>\n<li>Las reglas de programaci\u00f3n se pueden asociar a una o m\u00e1s formulas de programaci\u00f3n, o a un d\u00eda completo de programaci\u00f3n.<\/li>\n<li>Mediante las reglas se pueden definir criterios que el sistema debe cumplir al momento de elegir las canciones que formaron parte de la programaci\u00f3n musical.<\/li>\n<li>Las reglas pueden ser quebrantables, esto implica que cuando el sistema no puede encontrar alguna canci\u00f3n que cumpla con todas las reglas, tratar\u00e1 de encontrar una que cumpla con las reglas &#8220;No quebrantables&#8221;, sin importar si cumple con las &#8220;Quebrantables&#8221;.<\/li>\n<\/ul>\n<p><img decoding=\"async\" title=\"reglas\" src=\"http:\/\/www.radix.com.mx\/images\/ram\/reglas.jpg\" alt=\"reglas\" \/><\/p>\n<p class=\"producthdr\"><strong>Programaci\u00f3n autom\u00e1tica<\/strong><\/p>\n<ul class=\"style1\">\n<li>Mediante esta pantalla se seleccionan los d\u00edas para los que el sistema generar\u00e1 programaci\u00f3n.<\/li>\n<li>Se puede cambiar la prioridad conque cada categor\u00eda se programa, esto es, de qu\u00e9 categor\u00eda se eligen primero las canciones.<\/li>\n<li>En la parte baja de la pantalla aparecen las programaciones existentes, el n\u00famero de eventos en cada programaci\u00f3n y si existen eventos no programados.<\/li>\n<li>Puede elegir una programaci\u00f3n de la liste y editarla, borrarla o generar el archivo de automatizaci\u00f3n para el sistema de transmisi\u00f3n musical de su preferencia.<\/li>\n<\/ul>\n<p><img decoding=\"async\" title=\"Programaci\u00f3n autom\u00f3tica\" src=\"http:\/\/www.radix.com.mx\/images\/ram\/autoprog.jpg\" alt=\"Programaci\u00f3n autom\u00e1tica\" \/><\/p>\n<p class=\"producthdr\"><strong>Programaci\u00f3n manual<\/strong><\/p>\n<ul class=\"style1\">\n<li>Esta pantalla presenta, para su verificaci\u00f3n, la programaci\u00f3n generada por el sistema.<\/li>\n<li>Se muestra la informaci\u00f3n que el programador requiere para modificar la programaci\u00f3n, d\u00e1ndole as\u00ed el toque humano.<\/li>\n<li>En la parte baja de la pantalla se despliega la historia de programaci\u00f3n de la canci\u00f3n se\u00f1alada, as\u00ed como la separaci\u00f3n entre la misma canci\u00f3n y el mismo interprete durante el d\u00eda.<\/li>\n<li>Cualquier canci\u00f3n puede ser cambiada por otra del cat\u00e1logo.<\/li>\n<\/ul>\n<p class=\"style1\"><img decoding=\"async\" title=\"Programaci\u00f3n manual\" src=\"http:\/\/www.radix.com.mx\/images\/ram\/progmanual.jpg\" alt=\"Programaci\u00f3n manual\" \/><\/p>\n<p class=\"producthdr\"><strong>Reportes<\/strong><\/p>\n<ul class=\"style1\">\n<li>El sistema ofrece diferentes reportes.<\/li>\n<li>La gr\u00e1fica presenta las 10 canciones con mayor n\u00famero de tocadas.<\/li>\n<li>Se pueden generar diferentes reportes de acuerdo a lo que usted necesite.<\/li>\n<\/ul>\n<p><img decoding=\"async\" title=\"Reportes\" src=\"http:\/\/www.radix.com.mx\/images\/ram\/reportes.jpg\" alt=\"Reportes\" \/><\/p>\n","protected":false},"excerpt":{"rendered":"<p>Descargas Programaci\u00f3n musical sin complicaciones Especificaciones Integraci\u00f3n con Station. F\u00e1cil de utilizar. Manejo de toda su discograf\u00eda. No hay limite para el n\u00famero de categor\u00edas en las que puede separar su catalogo. No hay limite para el n\u00famero de formulas de programaci\u00f3n que puede crear. Su uso es flexible para ajustarse a sus necesidades de\u2026 <span class=\"read-more\"><a href=\"https:\/\/www.radix.com.mx\/?page_id=4\">Read More &raquo;<\/a><\/span><\/p>\n","protected":false},"author":2,"featured_media":0,"parent":3,"menu_order":0,"comment_status":"closed","ping_status":"closed","template":"","meta":{"footnotes":""},"class_list":["post-4","page","type-page","status-publish","hentry"],"_links":{"self":[{"href":"https:\/\/www.radix.com.mx\/index.php?rest_route=\/wp\/v2\/pages\/4","targetHints":{"allow":["GET"]}}],"collection":[{"href":"https:\/\/www.radix.com.mx\/index.php?rest_route=\/wp\/v2\/pages"}],"about":[{"href":"https:\/\/www.radix.com.mx\/index.php?rest_route=\/wp\/v2\/types\/page"}],"author":[{"embeddable":true,"href":"https:\/\/www.radix.com.mx\/index.php?rest_route=\/wp\/v2\/users\/2"}],"replies":[{"embeddable":true,"href":"https:\/\/www.radix.com.mx\/index.php?rest_route=%2Fwp%2Fv2%2Fcomments&post=4"}],"version-history":[{"count":7,"href":"https:\/\/www.radix.com.mx\/index.php?rest_route=\/wp\/v2\/pages\/4\/revisions"}],"predecessor-version":[{"id":1961,"href":"https:\/\/www.radix.com.mx\/index.php?rest_route=\/wp\/v2\/pages\/4\/revisions\/1961"}],"up":[{"embeddable":true,"href":"https:\/\/www.radix.com.mx\/index.php?rest_route=\/wp\/v2\/pages\/3"}],"wp:attachment":[{"href":"https:\/\/www.radix.com.mx\/index.php?rest_route=%2Fwp%2Fv2%2Fmedia&parent=4"}],"curies":[{"name":"wp","href":"https:\/\/api.w.org\/{rel}","templated":true}]}}