{"id":975,"date":"2013-01-11T12:42:24","date_gmt":"2013-01-11T18:42:24","guid":{"rendered":"http:\/\/www.radix.com.mx\/?page_id=975"},"modified":"2026-04-20T11:44:00","modified_gmt":"2026-04-20T17:44:00","slug":"noticias","status":"publish","type":"page","link":"https:\/\/www.radix.com.mx\/","title":{"rendered":"Noticias"},"content":{"rendered":"\n<p>Recuerda actualizar a las versiones m\u00e1s recientes de los programas.<br><\/p>\n\n\n\n<p>Ya est\u00e1 disponible la versiones 2026 de <a href=\"https:\/\/www.radix.com.mx\/?page_id=1997\" data-type=\"link\" data-id=\"https:\/\/www.radix.com.mx\/?page_id=1997\">RAM<\/a><\/p>\n\n\n\n<hr class=\"wp-block-separator has-alpha-channel-opacity\"\/>\n\n\n\n<h2 class=\"wp-block-heading\">Station con inteligencia artificial<\/h2>\n\n\n\n<p>La m\u00e1s reciente versi\u00f3n de <strong>Radix Station<\/strong> incorpora un <strong>DJ impulsado por inteligencia artificial<\/strong>, capaz de darle voz y personalidad \u00fanicas a tu estaci\u00f3n.<\/p>\n\n\n\n<p>Gracias a la integraci\u00f3n con <strong>Google Gemini<\/strong>, el sistema genera textos din\u00e1micos y naturales, mientras que <strong><a href=\"https:\/\/try.elevenlabs.io\/radix\">ElevenLabs<\/a><\/strong> o <strong><a href=\"https:\/\/aistudio.google.com\/api-keys\">Google Cloud Text-to-Speech<\/a><\/strong> se encargan de convertirlos en voces realistas y expresivas.<\/p>\n\n\n\n<p>Con esta combinaci\u00f3n, <strong>Station<\/strong> puede crear locuciones, completamente automatizadas, ofreciendo una experiencia auditiva profesional y envolvente las 24 horas del d\u00eda.<\/p>\n\n\n\n<p><\/p>\n\n\n\n<hr class=\"wp-block-separator has-css-opacity\"\/>\n","protected":false},"excerpt":{"rendered":"<p>Recuerda actualizar a las versiones m\u00e1s recientes de los programas. Ya est\u00e1 disponible la versiones 2026 de RAM Station con inteligencia artificial La m\u00e1s reciente versi\u00f3n de Radix Station incorpora un DJ impulsado por inteligencia artificial, capaz de darle voz y personalidad \u00fanicas a tu estaci\u00f3n. Gracias a la integraci\u00f3n con Google Gemini, el sistema\u2026 <span class=\"read-more\"><a href=\"https:\/\/www.radix.com.mx\/\">Read More &raquo;<\/a><\/span><\/p>\n","protected":false},"author":2,"featured_media":0,"parent":0,"menu_order":0,"comment_status":"closed","ping_status":"closed","template":"","meta":{"footnotes":""},"class_list":["post-975","page","type-page","status-publish","hentry"],"_links":{"self":[{"href":"https:\/\/www.radix.com.mx\/index.php?rest_route=\/wp\/v2\/pages\/975","targetHints":{"allow":["GET"]}}],"collection":[{"href":"https:\/\/www.radix.com.mx\/index.php?rest_route=\/wp\/v2\/pages"}],"about":[{"href":"https:\/\/www.radix.com.mx\/index.php?rest_route=\/wp\/v2\/types\/page"}],"author":[{"embeddable":true,"href":"https:\/\/www.radix.com.mx\/index.php?rest_route=\/wp\/v2\/users\/2"}],"replies":[{"embeddable":true,"href":"https:\/\/www.radix.com.mx\/index.php?rest_route=%2Fwp%2Fv2%2Fcomments&post=975"}],"version-history":[{"count":62,"href":"https:\/\/www.radix.com.mx\/index.php?rest_route=\/wp\/v2\/pages\/975\/revisions"}],"predecessor-version":[{"id":2723,"href":"https:\/\/www.radix.com.mx\/index.php?rest_route=\/wp\/v2\/pages\/975\/revisions\/2723"}],"wp:attachment":[{"href":"https:\/\/www.radix.com.mx\/index.php?rest_route=%2Fwp%2Fv2%2Fmedia&parent=975"}],"curies":[{"name":"wp","href":"https:\/\/api.w.org\/{rel}","templated":true}]}}